{"id":10028,"date":"2023-05-13T16:24:54","date_gmt":"2023-05-13T14:24:54","guid":{"rendered":"https:\/\/fahazak.lemonfa.hu\/?post_type=product&#038;p=10028"},"modified":"2025-02-07T09:39:20","modified_gmt":"2025-02-07T08:39:20","slug":"fahaz-vanesa-320x620cm-3m-terasz-45mm","status":"publish","type":"product","link":"https:\/\/fahazak.lemonfa.hu\/hu\/kerti-fahazak\/hazak-terasszal\/fahaz-vanesa-320x620cm-3m-terasz-45mm\/","title":{"rendered":"Fah\u00e1z Vanesa\u200b 320x620cm, 3m terasz, 45mm"},"content":{"rendered":"<div data-elementor-type=\"wp-post\" data-elementor-id=\"10028\" class=\"elementor elementor-10028\">\n\t\t\t\t\t\t\t\t\t<section class=\"wd-negative-gap elementor-section elementor-top-section elementor-element elementor-element-3f65920 elementor-section-boxed elementor-section-height-default elementor-section-height-default wd-section-disabled\" data-id=\"3f65920\" data-element_type=\"section\">\n\t\t\t\t\t\t<div class=\"elementor-container elementor-column-gap-default\">\n\t\t\t\t\t<div class=\"elementor-column elementor-col-100 elementor-top-column elementor-element elementor-element-6db0d99\" data-id=\"6db0d99\" data-element_type=\"column\">\n\t\t\t<div class=\"elementor-widget-wrap elementor-element-populated\">\n\t\t\t\t\t\t\t\t<div class=\"elementor-element elementor-element-54792bf elementor-widget elementor-widget-wd_text_block\" data-id=\"54792bf\" data-element_type=\"widget\" data-widget_type=\"wd_text_block.default\">\n\t\t\t\t<div class=\"elementor-widget-container\">\n\t\t\t\t\t<div class=\"wd-text-block reset-last-child text-left\">\n\t\t\t\n\t\t\t<p><strong>A nyaral\u00f3 \u00e1ra tartalmazza:<\/strong><\/p><ul><li>oldalfalak<\/li><li>tet\u0151 perfor\u00e1ci\u00f3ja<\/li><li>padl\u00f3<\/li><li>terasz 3m<\/li><li>impregn\u00e1lt aljzatpr\u00edzisek<\/li><li>1x ajt\u00f3 (80x191cm) + kilincs + szerelv\u00e9nyek<\/li><li>2x ablak (60x72cm), egy fix \u00e9s egy nyithat\u00f3.<\/li><\/ul>\n\t\t\t\t\t<\/div>\n\t\t\t\t<\/div>\n\t\t\t\t<\/div>\n\t\t\t\t\t<\/div>\n\t\t<\/div>\n\t\t\t\t\t\t\t<\/div>\n\t\t<\/section>\n\t\t\t\t\t\t\t<\/div>","protected":false},"excerpt":{"rendered":"<p><strong>Vend\u00e9gh\u00e1z<\/strong> <strong>Vanessa <\/strong><b>320cm x 620cm 3m-es terasszal \u00e9s 45mm falvastags\u00e1ggal<\/b>\u00a0kiv\u00e1l\u00f3 min\u0151s\u00e9g\u0171 anyagb\u00f3l k\u00e9sz\u00fclt <a href=\"https:\/\/www.tatranskyprofil.sk\/\"><strong>term\u00e9szetes fa<\/strong><\/a>. Ha kisebb teraszra van sz\u00fcks\u00e9ge, akkor ezt a kerti h\u00e1zat aj\u00e1nljuk \u00d6nnek. <strong>2m-es terasszal is<\/strong>. A padl\u00f3 kiv\u00e1l\u00f3 min\u0151s\u00e9g\u0171 <strong><a href=\"https:\/\/www.tatranskyprofil.sk\/drevena-podlaha\/\">burkolat<\/a><\/strong>. \u00d6nt\u0151l f\u00fcgg, hogy milyen falvastags\u00e1got v\u00e1laszt: 2,8cm | 4,5cm. A h\u00e1zik\u00f3 \u00e1ra tartalmazza: 1x ajt\u00f3 (80x191cm), 2x ablak (60x72cm), melyek k\u00f6z\u00fcl az egyik nyithat\u00f3, a m\u00e1sik fix. A h\u00e1zik\u00f3hoz red\u0151ny\u00f6k v\u00e1s\u00e1rl\u00e1s\u00e1ra is lehet\u0151s\u00e9get biztos\u00edtunk. A Vanesa nyaral\u00f3 egyik el\u0151nye, hogy a 3 m\u00e9teres terasz lehet\u0151s\u00e9ge mellett azt is megv\u00e1laszthatja, hogy melyik oldalra szeretn\u00e9 az ajt\u00f3t vagy az oldalablakot.<\/p>","protected":false},"featured_media":12631,"comment_status":"open","ping_status":"closed","template":"","meta":[],"product_cat":[656,128,78],"product_tag":[431],"_links":{"self":[{"href":"https:\/\/fahazak.lemonfa.hu\/hu\/wp-json\/wp\/v2\/product\/10028"}],"collection":[{"href":"https:\/\/fahazak.lemonfa.hu\/hu\/wp-json\/wp\/v2\/product"}],"about":[{"href":"https:\/\/fahazak.lemonfa.hu\/hu\/wp-json\/wp\/v2\/types\/product"}],"replies":[{"embeddable":true,"href":"https:\/\/fahazak.lemonfa.hu\/hu\/wp-json\/wp\/v2\/comments?post=10028"}],"version-history":[{"count":4,"href":"https:\/\/fahazak.lemonfa.hu\/hu\/wp-json\/wp\/v2\/product\/10028\/revisions"}],"predecessor-version":[{"id":13152,"href":"https:\/\/fahazak.lemonfa.hu\/hu\/wp-json\/wp\/v2\/product\/10028\/revisions\/13152"}],"wp:featuredmedia":[{"embeddable":true,"href":"https:\/\/fahazak.lemonfa.hu\/hu\/wp-json\/wp\/v2\/media\/12631"}],"wp:attachment":[{"href":"https:\/\/fahazak.lemonfa.hu\/hu\/wp-json\/wp\/v2\/media?parent=10028"}],"wp:term":[{"taxonomy":"product_cat","embeddable":true,"href":"https:\/\/fahazak.lemonfa.hu\/hu\/wp-json\/wp\/v2\/product_cat?post=10028"},{"taxonomy":"product_tag","embeddable":true,"href":"https:\/\/fahazak.lemonfa.hu\/hu\/wp-json\/wp\/v2\/product_tag?post=10028"}],"curies":[{"name":"wp","href":"https:\/\/api.w.org\/{rel}","templated":true}]}}