{"id":10045,"date":"2023-05-13T16:45:37","date_gmt":"2023-05-13T14:45:37","guid":{"rendered":"https:\/\/fahazak.lemonfa.hu\/?post_type=product&#038;p=10045"},"modified":"2025-02-06T14:14:25","modified_gmt":"2025-02-06T13:14:25","slug":"fahaz-sabina-370x270cm-45mm","status":"publish","type":"product","link":"https:\/\/fahazak.lemonfa.hu\/hu\/kerti-fahazak\/hazak-terasz-nelkul\/fahaz-sabina-370x270cm-45mm\/","title":{"rendered":"Fah\u00e1z Sabina 370x270cm 45mm"},"content":{"rendered":"<div data-elementor-type=\"wp-post\" data-elementor-id=\"10045\" class=\"elementor elementor-10045\">\n\t\t\t\t\t\t\t\t\t<section class=\"wd-negative-gap elementor-section elementor-top-section elementor-element elementor-element-3f65920 elementor-section-boxed elementor-section-height-default elementor-section-height-default wd-section-disabled\" data-id=\"3f65920\" data-element_type=\"section\">\n\t\t\t\t\t\t<div class=\"elementor-container elementor-column-gap-default\">\n\t\t\t\t\t<div class=\"elementor-column elementor-col-100 elementor-top-column elementor-element elementor-element-6db0d99\" data-id=\"6db0d99\" data-element_type=\"column\">\n\t\t\t<div class=\"elementor-widget-wrap elementor-element-populated\">\n\t\t\t\t\t\t\t\t<div class=\"elementor-element elementor-element-54792bf elementor-widget elementor-widget-wd_text_block\" data-id=\"54792bf\" data-element_type=\"widget\" data-widget_type=\"wd_text_block.default\">\n\t\t\t\t<div class=\"elementor-widget-container\">\n\t\t\t\t\t<div class=\"wd-text-block reset-last-child text-left\">\n\t\t\t\n\t\t\t<p><strong>A nyaral\u00f3 \u00e1ra tartalmazza:<\/strong><\/p><ul><li>oldalfalak<\/li><li>tet\u0151 perfor\u00e1ci\u00f3ja<\/li><li>padl\u00f3<\/li><li>impregn\u00e1lt aljzatpr\u00edzisek<\/li><li>1x ajt\u00f3 (80x191cm) + kilincs + szerelv\u00e9nyek<\/li><li>1x ablak (60x72cm), nyithat\u00f3.<\/li><\/ul>\n\t\t\t\t\t<\/div>\n\t\t\t\t<\/div>\n\t\t\t\t<\/div>\n\t\t\t\t\t<\/div>\n\t\t<\/div>\n\t\t\t\t\t\t\t<\/div>\n\t\t<\/section>\n\t\t\t\t\t\t\t<\/div>","protected":false},"excerpt":{"rendered":"<p>Az egyszer\u0171s\u00e9gben rejlik a sz\u00e9ps\u00e9g. Szavak, amelyek t\u00f6k\u00e9letesen le\u00edrj\u00e1k <a href=\"https:\/\/fahazak.lemonfa.hu\/hu\/zahradne-chatky\/\"><b>h\u00e1zik\u00f3 <\/b><\/a><strong>Sabina<\/strong>\u00a0(<strong>3.7 x 2.7m<\/strong>). Abban az esetben, ha ez megfelel\u0151 lenne az \u00d6n sz\u00e1m\u00e1ra <strong><a href=\"https:\/\/fahazak.lemonfa.hu\/hu\/domceky-na-naradie\/\">kertes h\u00e1z<\/a><\/strong> Tov\u00e1bb\u00e1 <strong>mened\u00e9k<\/strong>2\u00d72,7m-es m\u00e9retben k\u00edn\u00e1ljuk. A padl\u00f3 kiv\u00e1l\u00f3 min\u0151s\u00e9g\u0171 <strong><a href=\"https:\/\/www.tatranskyprofil.sk\/drevena-podlaha\/\">burkolat<\/a><\/strong>. \u00d6nt\u0151l f\u00fcgg, hogy milyen falvastags\u00e1got v\u00e1laszt: 2,8cm | 4,5cm.<\/p>\n<p>A h\u00e1z \u00e1ra tartalmazza tov\u00e1bb\u00e1: 1x ajt\u00f3 (80x191cm), 1x nyithat\u00f3 ablak (60\u00d772 cm). A h\u00e1zik\u00f3hoz red\u0151ny\u00f6k v\u00e1s\u00e1rl\u00e1s\u00e1ra is lehet\u0151s\u00e9get biztos\u00edtunk. A Sabina praktikus el\u0151nye, hogy kiv\u00e1laszthatja, melyik oldalra szeretne ajt\u00f3t, ablakot vagy praktikus mened\u00e9ket.<\/p>","protected":false},"featured_media":8555,"comment_status":"open","ping_status":"closed","template":"","meta":[],"product_cat":[656,128,121],"product_tag":[444],"_links":{"self":[{"href":"https:\/\/fahazak.lemonfa.hu\/hu\/wp-json\/wp\/v2\/product\/10045"}],"collection":[{"href":"https:\/\/fahazak.lemonfa.hu\/hu\/wp-json\/wp\/v2\/product"}],"about":[{"href":"https:\/\/fahazak.lemonfa.hu\/hu\/wp-json\/wp\/v2\/types\/product"}],"replies":[{"embeddable":true,"href":"https:\/\/fahazak.lemonfa.hu\/hu\/wp-json\/wp\/v2\/comments?post=10045"}],"version-history":[{"count":2,"href":"https:\/\/fahazak.lemonfa.hu\/hu\/wp-json\/wp\/v2\/product\/10045\/revisions"}],"predecessor-version":[{"id":13070,"href":"https:\/\/fahazak.lemonfa.hu\/hu\/wp-json\/wp\/v2\/product\/10045\/revisions\/13070"}],"wp:featuredmedia":[{"embeddable":true,"href":"https:\/\/fahazak.lemonfa.hu\/hu\/wp-json\/wp\/v2\/media\/8555"}],"wp:attachment":[{"href":"https:\/\/fahazak.lemonfa.hu\/hu\/wp-json\/wp\/v2\/media?parent=10045"}],"wp:term":[{"taxonomy":"product_cat","embeddable":true,"href":"https:\/\/fahazak.lemonfa.hu\/hu\/wp-json\/wp\/v2\/product_cat?post=10045"},{"taxonomy":"product_tag","embeddable":true,"href":"https:\/\/fahazak.lemonfa.hu\/hu\/wp-json\/wp\/v2\/product_tag?post=10045"}],"curies":[{"name":"wp","href":"https:\/\/api.w.org\/{rel}","templated":true}]}}