{"id":10051,"date":"2023-05-13T16:50:12","date_gmt":"2023-05-13T14:50:12","guid":{"rendered":"https:\/\/fahazak.lemonfa.hu\/?post_type=product&#038;p=10051"},"modified":"2025-02-07T09:37:16","modified_gmt":"2025-02-07T08:37:16","slug":"fahaz-gabriela-400x320cm-terasz-45mm","status":"publish","type":"product","link":"https:\/\/fahazak.lemonfa.hu\/hu\/kerti-fahazak\/hazak-terasszal\/fahaz-gabriela-400x320cm-terasz-45mm\/","title":{"rendered":"Fah\u00e1z Gabriela 400x320cm, terasz, 45mm"},"content":{"rendered":"<div data-elementor-type=\"wp-post\" data-elementor-id=\"10051\" class=\"elementor elementor-10051\">\n\t\t\t\t\t\t\t\t\t<section class=\"wd-negative-gap elementor-section elementor-top-section elementor-element elementor-element-3f65920 elementor-section-boxed elementor-section-height-default elementor-section-height-default wd-section-disabled\" data-id=\"3f65920\" data-element_type=\"section\">\n\t\t\t\t\t\t<div class=\"elementor-container elementor-column-gap-default\">\n\t\t\t\t\t<div class=\"elementor-column elementor-col-100 elementor-top-column elementor-element elementor-element-6db0d99\" data-id=\"6db0d99\" data-element_type=\"column\">\n\t\t\t<div class=\"elementor-widget-wrap elementor-element-populated\">\n\t\t\t\t\t\t\t\t<div class=\"elementor-element elementor-element-54792bf elementor-widget elementor-widget-wd_text_block\" data-id=\"54792bf\" data-element_type=\"widget\" data-widget_type=\"wd_text_block.default\">\n\t\t\t\t<div class=\"elementor-widget-container\">\n\t\t\t\t\t<div class=\"wd-text-block reset-last-child text-left\">\n\t\t\t\n\t\t\t<p><strong>A nyaral\u00f3 \u00e1ra tartalmazza:<\/strong><\/p><ul><li>oldalfalak<\/li><li>tet\u0151 perfor\u00e1ci\u00f3ja<\/li><li>padl\u00f3<\/li><li>impregn\u00e1lt aljzatpr\u00edzisek<\/li><li>1x ajt\u00f3 (80x191cm) + kilincs + szerelv\u00e9nyek<\/li><li>2x ablak (60x72cm), egy fix \u00e9s egy nyithat\u00f3.<\/li><\/ul>\n\t\t\t\t\t<\/div>\n\t\t\t\t<\/div>\n\t\t\t\t<\/div>\n\t\t\t\t\t<\/div>\n\t\t<\/div>\n\t\t\t\t\t\t\t<\/div>\n\t\t<\/section>\n\t\t\t\t\t\t\t<\/div>","protected":false},"excerpt":{"rendered":"<p><b>Gabriela 400x320cm terasszal \u00e9s 45mm falvastags\u00e1ggal<\/b> szimpatikus <strong><a href=\"https:\/\/fahazak.lemonfa.hu\/hu\/zahradne-chatky\/\" target=\"_blank\" rel=\"noopener\">h\u00e1zik\u00f3<\/a><\/strong>, amely szer\u00e9ny sz\u00e9l\u00e1rny\u00e9kot rejt, aminek k\u00f6sz\u00f6nhet\u0151en nem engedi, hogy a tulajdonos cip\u0151je vizes legyen a tet\u0151 alatt. A kunyh\u00f3 alja kiv\u00e1l\u00f3 min\u0151s\u00e9g\u0171 <a href=\"https:\/\/www.tatranskyprofil.sk\/drevena-podlaha\/\"><strong>term\u00e9szetes fa<\/strong> <strong>padl\u00f3k<\/strong><\/a>. \u00d6nt\u0151l f\u00fcgg, hogy milyen falvastags\u00e1got v\u00e1laszt: 2,8cm | 4,5cm. Az \u00e1r tartalmazza tov\u00e1bb\u00e1: 1x ajt\u00f3 (80x191cm), 2x ablak (60\u00d772 cm), az egyik szell\u0151z\u0151, a m\u00e1sik nyithat\u00f3. A h\u00e1zik\u00f3hoz red\u0151ny\u00f6k v\u00e1s\u00e1rl\u00e1s\u00e1ra is lehet\u0151s\u00e9get biztos\u00edtunk. A Gabriela praktikus el\u0151nye, hogy kiv\u00e1laszthatja, hogy melyik oldalra szeretn\u00e9 az ajt\u00f3t, az eg\u00e9sz lee vagy az oldalablakot.<\/p>","protected":false},"featured_media":8914,"comment_status":"open","ping_status":"closed","template":"","meta":[],"product_cat":[656,128,78],"product_tag":[446],"_links":{"self":[{"href":"https:\/\/fahazak.lemonfa.hu\/hu\/wp-json\/wp\/v2\/product\/10051"}],"collection":[{"href":"https:\/\/fahazak.lemonfa.hu\/hu\/wp-json\/wp\/v2\/product"}],"about":[{"href":"https:\/\/fahazak.lemonfa.hu\/hu\/wp-json\/wp\/v2\/types\/product"}],"replies":[{"embeddable":true,"href":"https:\/\/fahazak.lemonfa.hu\/hu\/wp-json\/wp\/v2\/comments?post=10051"}],"version-history":[{"count":5,"href":"https:\/\/fahazak.lemonfa.hu\/hu\/wp-json\/wp\/v2\/product\/10051\/revisions"}],"predecessor-version":[{"id":13148,"href":"https:\/\/fahazak.lemonfa.hu\/hu\/wp-json\/wp\/v2\/product\/10051\/revisions\/13148"}],"wp:featuredmedia":[{"embeddable":true,"href":"https:\/\/fahazak.lemonfa.hu\/hu\/wp-json\/wp\/v2\/media\/8914"}],"wp:attachment":[{"href":"https:\/\/fahazak.lemonfa.hu\/hu\/wp-json\/wp\/v2\/media?parent=10051"}],"wp:term":[{"taxonomy":"product_cat","embeddable":true,"href":"https:\/\/fahazak.lemonfa.hu\/hu\/wp-json\/wp\/v2\/product_cat?post=10051"},{"taxonomy":"product_tag","embeddable":true,"href":"https:\/\/fahazak.lemonfa.hu\/hu\/wp-json\/wp\/v2\/product_tag?post=10051"}],"curies":[{"name":"wp","href":"https:\/\/api.w.org\/{rel}","templated":true}]}}