{"id":10151,"date":"2023-05-14T09:28:41","date_gmt":"2023-05-14T07:28:41","guid":{"rendered":"https:\/\/fahazak.lemonfa.hu\/?post_type=product&#038;p=10151"},"modified":"2025-02-06T10:44:13","modified_gmt":"2025-02-06T09:44:13","slug":"fahaz-gerald-g-440x595cm","status":"publish","type":"product","link":"https:\/\/fahazak.lemonfa.hu\/hu\/kerti-fahazak\/hazak-terasz-nelkul\/fahaz-gerald-g-440x595cm\/","title":{"rendered":"Fah\u00e1z Gerald G 440x595cm"},"content":{"rendered":"<div data-elementor-type=\"wp-post\" data-elementor-id=\"10151\" class=\"elementor elementor-10151\">\n\t\t\t\t\t\t\t\t\t<section class=\"wd-negative-gap elementor-section elementor-top-section elementor-element elementor-element-3f65920 elementor-section-boxed elementor-section-height-default elementor-section-height-default wd-section-disabled\" data-id=\"3f65920\" data-element_type=\"section\">\n\t\t\t\t\t\t<div class=\"elementor-container elementor-column-gap-default\">\n\t\t\t\t\t<div class=\"elementor-column elementor-col-100 elementor-top-column elementor-element elementor-element-6db0d99\" data-id=\"6db0d99\" data-element_type=\"column\">\n\t\t\t<div class=\"elementor-widget-wrap elementor-element-populated\">\n\t\t\t\t\t\t\t\t<div class=\"elementor-element elementor-element-54792bf elementor-widget elementor-widget-wd_text_block\" data-id=\"54792bf\" data-element_type=\"widget\" data-widget_type=\"wd_text_block.default\">\n\t\t\t\t<div class=\"elementor-widget-container\">\n\t\t\t\t\t<div class=\"wd-text-block reset-last-child text-left\">\n\t\t\t\n\t\t\t<p><strong>Az \u00e1r tartalmazza:<\/strong><\/p><ul><li style=\"font-size: 16px;\">oldalfalak (70 mm vastag)<\/li><li style=\"font-size: 16px;\">ablakok (dupla \u00fcvegez\u00e9s, 3+18+3mm)<\/li><li style=\"font-size: 16px;\">ajt\u00f3k (teljes \/ dupla \u00fcvegez\u00e9s\u0171 3+6+3mm)<\/li><li>szerelv\u00e9ny, foganty\u00fa, ac\u00e9l k\u00fcsz\u00f6b<\/li><li>impregn\u00e1lt aljzatpr\u00edzisek<\/li><li>tet\u0151szerkezet<\/li><li>tet\u0151 perfor\u00e1ci\u00f3ja<\/li><li>padl\u00f3 - forg\u00e1cslap (28 mm)<\/li><li>terasz (ha l\u00e1that\u00f3)<\/li><li>bels\u0151 falak, ajt\u00f3k, padl\u00e1s (ha a k\u00e9pen l\u00e1that\u00f3)<\/li><\/ul>\n\t\t\t\t\t<\/div>\n\t\t\t\t<\/div>\n\t\t\t\t<\/div>\n\t\t\t\t\t<\/div>\n\t\t<\/div>\n\t\t\t\t\t\t\t<\/div>\n\t\t<\/section>\n\t\t\t\t\t\t\t<\/div>","protected":false},"excerpt":{"rendered":"<p>V cene chatky je zahrnut\u00e9: bo\u010dn\u00e9 steny (hr\u00fabka 70mm) okn\u00e1 (dvojsklo, 3+18+3mm) dvere (pln\u00e9 \/ dvojsklo 3+6+3mm) kovanie, k\u013eu\u010dka, oce\u013eov\u00fd<\/p>","protected":false},"featured_media":10152,"comment_status":"open","ping_status":"closed","template":"","meta":[],"product_cat":[656,129,121,122],"product_tag":[],"_links":{"self":[{"href":"https:\/\/fahazak.lemonfa.hu\/hu\/wp-json\/wp\/v2\/product\/10151"}],"collection":[{"href":"https:\/\/fahazak.lemonfa.hu\/hu\/wp-json\/wp\/v2\/product"}],"about":[{"href":"https:\/\/fahazak.lemonfa.hu\/hu\/wp-json\/wp\/v2\/types\/product"}],"replies":[{"embeddable":true,"href":"https:\/\/fahazak.lemonfa.hu\/hu\/wp-json\/wp\/v2\/comments?post=10151"}],"version-history":[{"count":6,"href":"https:\/\/fahazak.lemonfa.hu\/hu\/wp-json\/wp\/v2\/product\/10151\/revisions"}],"predecessor-version":[{"id":13038,"href":"https:\/\/fahazak.lemonfa.hu\/hu\/wp-json\/wp\/v2\/product\/10151\/revisions\/13038"}],"wp:featuredmedia":[{"embeddable":true,"href":"https:\/\/fahazak.lemonfa.hu\/hu\/wp-json\/wp\/v2\/media\/10152"}],"wp:attachment":[{"href":"https:\/\/fahazak.lemonfa.hu\/hu\/wp-json\/wp\/v2\/media?parent=10151"}],"wp:term":[{"taxonomy":"product_cat","embeddable":true,"href":"https:\/\/fahazak.lemonfa.hu\/hu\/wp-json\/wp\/v2\/product_cat?post=10151"},{"taxonomy":"product_tag","embeddable":true,"href":"https:\/\/fahazak.lemonfa.hu\/hu\/wp-json\/wp\/v2\/product_tag?post=10151"}],"curies":[{"name":"wp","href":"https:\/\/api.w.org\/{rel}","templated":true}]}}