{"id":10195,"date":"2023-05-14T13:07:44","date_gmt":"2023-05-14T11:07:44","guid":{"rendered":"https:\/\/fahazak.lemonfa.hu\/?post_type=product&#038;p=10195"},"modified":"2025-02-07T09:43:11","modified_gmt":"2025-02-07T08:43:11","slug":"fahaz-katarina-800x800cm-18m2-terasz-45mm","status":"publish","type":"product","link":"https:\/\/fahazak.lemonfa.hu\/hu\/kerti-fahazak\/hazak-terasszal\/fahaz-katarina-800x800cm-18m2-terasz-45mm\/","title":{"rendered":"Fah\u00e1z Katar\u00edna 800x800cm, 18,1m\u00b2 terasz, 45mm"},"content":{"rendered":"<div data-elementor-type=\"wp-post\" data-elementor-id=\"10195\" class=\"elementor elementor-10195\">\n\t\t\t\t\t\t\t\t\t<section class=\"wd-negative-gap elementor-section elementor-top-section elementor-element elementor-element-3f65920 elementor-section-boxed elementor-section-height-default elementor-section-height-default wd-section-disabled\" data-id=\"3f65920\" data-element_type=\"section\">\n\t\t\t\t\t\t<div class=\"elementor-container elementor-column-gap-default\">\n\t\t\t\t\t<div class=\"elementor-column elementor-col-100 elementor-top-column elementor-element elementor-element-6db0d99\" data-id=\"6db0d99\" data-element_type=\"column\">\n\t\t\t<div class=\"elementor-widget-wrap elementor-element-populated\">\n\t\t\t\t\t\t\t\t<div class=\"elementor-element elementor-element-54792bf elementor-widget elementor-widget-wd_text_block\" data-id=\"54792bf\" data-element_type=\"widget\" data-widget_type=\"wd_text_block.default\">\n\t\t\t\t<div class=\"elementor-widget-container\">\n\t\t\t\t\t<div class=\"wd-text-block reset-last-child text-left\">\n\t\t\t\n\t\t\t<p>A nyaral\u00f3 \u00e1ra tartalmazza:\u00a0<\/p><ul><li>oldalfalak (45mm)<\/li><li>bels\u0151 falak<\/li><li>l\u00e9pcs\u0151 a padl\u00e1sra<\/li><li>Padl\u00e1s<\/li><li>tet\u0151 perfor\u00e1ci\u00f3ja<\/li><li>tet\u0151szerkezet<\/li><li>padl\u00f3 - csemp\u00e9zett padl\u00f3<\/li><li>terasz<\/li><li>impregn\u00e1lt aljzatpr\u00edzisek<\/li><li>3x ajt\u00f3 + kilincsek + szerelv\u00e9nyek<\/li><li>7x ablak - v\u00e1kuum, dupla \u00fcvegez\u00e9s<\/li><\/ul>\n\t\t\t\t\t<\/div>\n\t\t\t\t<\/div>\n\t\t\t\t<\/div>\n\t\t\t\t\t<\/div>\n\t\t<\/div>\n\t\t\t\t\t\t\t<\/div>\n\t\t<\/section>\n\t\t\t\t\t\t\t<\/div>","protected":false},"excerpt":{"rendered":"<ul>\n<li>K\u00fcls\u0151 m\u00e9retek: <strong>800 x 800cm<\/strong><\/li>\n<li>A h\u00e1z k\u00fcls\u0151 m\u00e9retei: <strong>600 x 600cm<\/strong><\/li>\n<li>Falvastags\u00e1g: <strong>45mm<\/strong><\/li>\n<li>Be\u00e9p\u00edtett ter\u00fclet: kb.<strong> 54,2m\u00b2<\/strong><\/li>\n<li>Szob\u00e1k sz\u00e1ma: <strong>3 + tet\u0151t\u00e9r<br \/>\n<\/strong>Min\u00e9l id\u0151sebbek lesz\u00fcnk, ann\u00e1l jobban v\u00e1gyunk egy olyan helyre, ahol k\u00fcl\u00f6nleges pillanatokat t\u00f6lthet\u00fcnk el a csal\u00e1dunkkal, ahol sz\u00f3rakoztat\u00f3 h\u00e9tv\u00e9g\u00e9ket t\u00f6lthet\u00fcnk a bar\u00e1tainkkal, vagy egyszer\u0171en csak megval\u00f3s\u00edthatjuk \u00e1lmunkat, hogy saj\u00e1t h\u00e1zunk legyen. <strong><a href=\"https:\/\/fahazak.lemonfa.hu\/hu\/zahradne-chatky\/\">Vend\u00e9gh\u00e1z<\/a> Katar\u00edna terasszal (800x800cm)<\/strong> \u00fagy tervezt\u00e9k, hogy a tulajdonos minden ig\u00e9ny\u00e9t kiel\u00e9g\u00edtse. A padl\u00f3 kiv\u00e1l\u00f3 min\u0151s\u00e9g\u0171 <strong><a href=\"https:\/\/www.tatranskyprofil.sk\/drevena-podlaha\/\">Macskak\u00f6vek.<\/a><\/strong> <strong>Falvastags\u00e1g<\/strong> k\u00e9t lehet\u0151s\u00e9g k\u00f6z\u00fcl v\u00e1laszthat: <strong>4,5cm|7cm<\/strong>. Az \u00e1r tartalmazza tov\u00e1bb\u00e1: 2x belt\u00e9ri ajt\u00f3, 1x bej\u00e1rati ajt\u00f3 \u00e9s 7x nyithat\u00f3 ablak. Lehet\u0151s\u00e9get k\u00edn\u00e1lunk red\u0151ny\u00f6k v\u00e1s\u00e1rl\u00e1s\u00e1ra.<\/li>\n<\/ul>","protected":false},"featured_media":10217,"comment_status":"open","ping_status":"closed","template":"","meta":[],"product_cat":[656,128,78,122],"product_tag":[],"_links":{"self":[{"href":"https:\/\/fahazak.lemonfa.hu\/hu\/wp-json\/wp\/v2\/product\/10195"}],"collection":[{"href":"https:\/\/fahazak.lemonfa.hu\/hu\/wp-json\/wp\/v2\/product"}],"about":[{"href":"https:\/\/fahazak.lemonfa.hu\/hu\/wp-json\/wp\/v2\/types\/product"}],"replies":[{"embeddable":true,"href":"https:\/\/fahazak.lemonfa.hu\/hu\/wp-json\/wp\/v2\/comments?post=10195"}],"version-history":[{"count":6,"href":"https:\/\/fahazak.lemonfa.hu\/hu\/wp-json\/wp\/v2\/product\/10195\/revisions"}],"predecessor-version":[{"id":13160,"href":"https:\/\/fahazak.lemonfa.hu\/hu\/wp-json\/wp\/v2\/product\/10195\/revisions\/13160"}],"wp:featuredmedia":[{"embeddable":true,"href":"https:\/\/fahazak.lemonfa.hu\/hu\/wp-json\/wp\/v2\/media\/10217"}],"wp:attachment":[{"href":"https:\/\/fahazak.lemonfa.hu\/hu\/wp-json\/wp\/v2\/media?parent=10195"}],"wp:term":[{"taxonomy":"product_cat","embeddable":true,"href":"https:\/\/fahazak.lemonfa.hu\/hu\/wp-json\/wp\/v2\/product_cat?post=10195"},{"taxonomy":"product_tag","embeddable":true,"href":"https:\/\/fahazak.lemonfa.hu\/hu\/wp-json\/wp\/v2\/product_tag?post=10195"}],"curies":[{"name":"wp","href":"https:\/\/api.w.org\/{rel}","templated":true}]}}