{"id":10196,"date":"2023-05-14T13:08:51","date_gmt":"2023-05-14T11:08:51","guid":{"rendered":"https:\/\/fahazak.lemonfa.hu\/?post_type=product&#038;p=10196"},"modified":"2025-02-07T09:42:48","modified_gmt":"2025-02-07T08:42:48","slug":"fahaz-barbora-a-700x500cm-2m-terasz-44mm","status":"publish","type":"product","link":"https:\/\/fahazak.lemonfa.hu\/hu\/kerti-fahazak\/hazak-terasszal\/fahaz-barbora-a-700x500cm-2m-terasz-44mm\/","title":{"rendered":"Fah\u00e1z Barbora A 700x500cm, 2m terasz, 44mm"},"content":{"rendered":"<div data-elementor-type=\"wp-post\" data-elementor-id=\"10196\" class=\"elementor elementor-10196\">\n\t\t\t\t\t\t\t\t\t<section class=\"wd-negative-gap elementor-section elementor-top-section elementor-element elementor-element-3f65920 elementor-section-boxed elementor-section-height-default elementor-section-height-default wd-section-disabled\" data-id=\"3f65920\" data-element_type=\"section\">\n\t\t\t\t\t\t<div class=\"elementor-container elementor-column-gap-default\">\n\t\t\t\t\t<div class=\"elementor-column elementor-col-100 elementor-top-column elementor-element elementor-element-6db0d99\" data-id=\"6db0d99\" data-element_type=\"column\">\n\t\t\t<div class=\"elementor-widget-wrap elementor-element-populated\">\n\t\t\t\t\t\t\t\t<div class=\"elementor-element elementor-element-54792bf elementor-widget elementor-widget-wd_text_block\" data-id=\"54792bf\" data-element_type=\"widget\" data-widget_type=\"wd_text_block.default\">\n\t\t\t\t<div class=\"elementor-widget-container\">\n\t\t\t\t\t<div class=\"wd-text-block reset-last-child text-left\">\n\t\t\t\n\t\t\t<p>A nyaral\u00f3 \u00e1ra tartalmazza:\u00a0<\/p><ul><li>oldalfalak (44mm)<\/li><li>bels\u0151 falak<\/li><li>l\u00e9pcs\u0151h\u00e1z<\/li><li>tet\u0151 perfor\u00e1ci\u00f3ja<\/li><li>tet\u0151szerkezet<\/li><li>padl\u00f3 - csemp\u00e9zett padl\u00f3<\/li><li>terasz<\/li><li>impregn\u00e1lt aljzatpr\u00edzisek<\/li><li>3x ajt\u00f3 + kilincsek + szerelv\u00e9nyek<\/li><li>7x ablak - v\u00e1kuum, dupla \u00fcvegez\u00e9s<\/li><\/ul>\n\t\t\t\t\t<\/div>\n\t\t\t\t<\/div>\n\t\t\t\t<\/div>\n\t\t\t\t\t<\/div>\n\t\t<\/div>\n\t\t\t\t\t\t\t<\/div>\n\t\t<\/section>\n\t\t\t\t\t\t\t<\/div>","protected":false},"excerpt":{"rendered":"<p>Megfizethet\u0151 4 h\u00e1l\u00f3szob\u00e1s <strong><a href=\"https:\/\/fahazak.lemonfa.hu\/hu\/zahradne-chatky\/\">h\u00e1zik\u00f3<\/a> Barbora 700x500cm 2m-es terasszal \u00e9s 44mm falvastags\u00e1ggal<\/strong>\u00a0t\u00f6bb k\u00fcl\u00f6n\u00e1ll\u00f3 helyis\u00e9gre van osztva, t\u00f6k\u00e9letes mag\u00e1n\u00e9letet biztos\u00edtva, ugyanakkor \u00fagy tervezt\u00e9k, hogy a leghat\u00e9konyabb t\u00e9rfeloszt\u00e1st tartsa fenn. A padl\u00f3 kiv\u00e1l\u00f3 min\u0151s\u00e9g\u0171 <a href=\"https:\/\/www.tatranskyprofil.sk\/drevena-podlaha\/\">Macskak\u00f6vek.<\/a> <strong>A kunyh\u00f3 fala 4,4 cm vastag.<\/strong>. Az \u00e1r tartalmazza: 3x ajt\u00f3, 7x nyithat\u00f3 ablak. A nyaral\u00f3hoz red\u0151ny\u00f6k v\u00e1s\u00e1rl\u00e1s\u00e1ra is lehet\u0151s\u00e9get biztos\u00edtunk.<\/p>","protected":false},"featured_media":12563,"comment_status":"open","ping_status":"closed","template":"","meta":[],"product_cat":[656,128,78,122],"product_tag":[],"_links":{"self":[{"href":"https:\/\/fahazak.lemonfa.hu\/hu\/wp-json\/wp\/v2\/product\/10196"}],"collection":[{"href":"https:\/\/fahazak.lemonfa.hu\/hu\/wp-json\/wp\/v2\/product"}],"about":[{"href":"https:\/\/fahazak.lemonfa.hu\/hu\/wp-json\/wp\/v2\/types\/product"}],"replies":[{"embeddable":true,"href":"https:\/\/fahazak.lemonfa.hu\/hu\/wp-json\/wp\/v2\/comments?post=10196"}],"version-history":[{"count":6,"href":"https:\/\/fahazak.lemonfa.hu\/hu\/wp-json\/wp\/v2\/product\/10196\/revisions"}],"predecessor-version":[{"id":13159,"href":"https:\/\/fahazak.lemonfa.hu\/hu\/wp-json\/wp\/v2\/product\/10196\/revisions\/13159"}],"wp:featuredmedia":[{"embeddable":true,"href":"https:\/\/fahazak.lemonfa.hu\/hu\/wp-json\/wp\/v2\/media\/12563"}],"wp:attachment":[{"href":"https:\/\/fahazak.lemonfa.hu\/hu\/wp-json\/wp\/v2\/media?parent=10196"}],"wp:term":[{"taxonomy":"product_cat","embeddable":true,"href":"https:\/\/fahazak.lemonfa.hu\/hu\/wp-json\/wp\/v2\/product_cat?post=10196"},{"taxonomy":"product_tag","embeddable":true,"href":"https:\/\/fahazak.lemonfa.hu\/hu\/wp-json\/wp\/v2\/product_tag?post=10196"}],"curies":[{"name":"wp","href":"https:\/\/api.w.org\/{rel}","templated":true}]}}