{"id":10442,"date":"2023-05-20T18:24:04","date_gmt":"2023-05-20T16:24:04","guid":{"rendered":"https:\/\/fahazak.lemonfa.hu\/?post_type=product&#038;p=10442"},"modified":"2025-02-07T13:02:51","modified_gmt":"2025-02-07T12:02:51","slug":"pavilon-simona-3x3m","status":"publish","type":"product","link":"https:\/\/fahazak.lemonfa.hu\/hu\/kerti-pavilonok\/pavilon-simona-3x3m\/","title":{"rendered":"Pavilon Simona 3x3m"},"content":{"rendered":"<div data-elementor-type=\"wp-post\" data-elementor-id=\"10442\" class=\"elementor elementor-10442\">\n\t\t\t\t\t\t\t\t\t<section class=\"wd-negative-gap elementor-section elementor-top-section elementor-element elementor-element-3f65920 elementor-section-boxed elementor-section-height-default elementor-section-height-default wd-section-disabled\" data-id=\"3f65920\" data-element_type=\"section\">\n\t\t\t\t\t\t<div class=\"elementor-container elementor-column-gap-default\">\n\t\t\t\t\t<div class=\"elementor-column elementor-col-100 elementor-top-column elementor-element elementor-element-6db0d99\" data-id=\"6db0d99\" data-element_type=\"column\">\n\t\t\t<div class=\"elementor-widget-wrap elementor-element-populated\">\n\t\t\t\t\t\t\t\t<div class=\"elementor-element elementor-element-54792bf elementor-widget elementor-widget-wd_text_block\" data-id=\"54792bf\" data-element_type=\"widget\" data-widget_type=\"wd_text_block.default\">\n\t\t\t\t<div class=\"elementor-widget-container\">\n\t\t\t\t\t<div class=\"wd-text-block reset-last-child text-left\">\n\t\t\t\n\t\t\t<p><strong>Az \u00e1r tartalmazza:<\/strong><\/p><ul><li>pavilon \u00e9p\u00edt\u00e9se 13x13cm-es prizm\u00e1kkal<\/li><li>tet\u0151szerkezet<\/li><li>burkolat (a sz\u00edn\u00e9t a mintak\u00f6nyvb\u0151l v\u00e1lasztja ki)<\/li><li>padl\u00f3<\/li><li>fest\u00e9k (a pavilont m\u00e1r festve sz\u00e1ll\u00edtj\u00e1k, \u00e9s a sz\u00ednt a fest\u00e9kmint\u00e1b\u00f3l v\u00e1laszthatja ki)<\/li><li>sz\u00e1ll\u00edt\u00e1s*<\/li><\/ul><p>*<strong>Ingyenes sz\u00e1ll\u00edt\u00e1s<\/strong> a Szlov\u00e1k K\u00f6zt\u00e1rsas\u00e1g eg\u00e9sz ter\u00fclet\u00e9n minden megrendel\u0151nek, aki pavilonunkat megrendeli, biztos\u00edtjuk a pavilon \u00f6sszeszerel\u00e9s\u00e9t k\u00e9pzett munk\u00e1saink \u00e1ltal.<\/p><p>Ha nem szeretn\u00e9, hogy a pavilont a mi munk\u00e1saink szerelj\u00e9k \u00f6ssze, a sz\u00e1ll\u00edt\u00e1s\u00e9rt d\u00edjat sz\u00e1molunk fel. <span style=\"color: #ff0000;\"><strong>1,00 \u20ac\/km<\/strong><\/span>, amivel elsz\u00e1molunk <span style=\"color: #ff0000;\"><strong>mindk\u00e9t ir\u00e1nyban<\/strong><\/span> - a telep\u00edt\u00e9s helysz\u00edn\u00e9re t\u00f6rt\u00e9n\u0151 utaz\u00e1s \u00e9s a vissza\u00fat az \u00e1rvai Ni\u017en\u00e1-i sz\u00e9khely\u00fcnkre.<\/p>\n\t\t\t\t\t<\/div>\n\t\t\t\t<\/div>\n\t\t\t\t<\/div>\n\t\t\t\t\t<\/div>\n\t\t<\/div>\n\t\t\t\t\t\t\t<\/div>\n\t\t<\/section>\n\t\t\t\t\t\t\t<\/div>","protected":false},"excerpt":{"rendered":"<div class=\"elementor-element elementor-element-59051814 elementor-widget elementor-widget-text-editor\" data-id=\"59051814\" data-element_type=\"widget\" data-widget_type=\"text-editor.default\">\n<div class=\"elementor-widget-container\">\n<div class=\"elementor-text-editor elementor-clearfix\">\n<p><strong>Simona pavilon<\/strong>\u00a0az egyik legkelend\u0151bb pavilon, k\u00fcl\u00f6n\u00f6sen szell\u0151s \u00e9s minimalista kialak\u00edt\u00e1s\u00e1nak k\u00f6sz\u00f6nhet\u0151en, amely minden kertben tetszeni fog. Az \u00d6n ig\u00e9nyeit\u0151l f\u00fcgg\u0151en h\u00e1rom praktikus m\u00e9ret k\u00f6z\u00fcl v\u00e1laszthat -\u00a0<strong>3x3m, 4x3m, 4x4m<\/strong>. A fa megb\u00edzhat\u00f3 v\u00e9delme \u00e9rdek\u00e9ben a pavilon fest\u00e9kkel van impregn\u00e1lva, amelynek sz\u00edn\u00e9t maga v\u00e1laszthatja ki mintak\u00f6nyv\u00fcnkb\u0151l, valamint a tet\u0151fed\u0151 anyag \u00e1rnyalat\u00e1t.<\/p>\n<div id=\"read1585111420\" class=\"read_div\">A tet\u0151 egy massz\u00edv, 13x13 cm-es prizm\u00e1kb\u00f3l \u00e1ll\u00f3 szerkezetre van szerelve, amely garant\u00e1lja a pavilon t\u00f6k\u00e9letes stabilit\u00e1s\u00e1t kedvez\u0151tlen id\u0151j\u00e1r\u00e1si k\u00f6r\u00fclm\u00e9nyek k\u00f6z\u00f6tt. A pavilon \u00f6nhord\u00f3 szerkezet\u0171, nincs sz\u00fcks\u00e9ge r\u00f6gz\u00edt\u0151elemekre.\u00a0<strong>Az \u00e1r tartalmazza mag\u00e1t a pavilont, a padl\u00f3t, a burkolatot \u00e9s a fest\u00e9st.<\/strong><\/div>\n<\/div>\n<\/div>\n<\/div>","protected":false},"featured_media":10443,"comment_status":"open","ping_status":"closed","template":"","meta":[],"product_cat":[120],"product_tag":[693],"_links":{"self":[{"href":"https:\/\/fahazak.lemonfa.hu\/hu\/wp-json\/wp\/v2\/product\/10442"}],"collection":[{"href":"https:\/\/fahazak.lemonfa.hu\/hu\/wp-json\/wp\/v2\/product"}],"about":[{"href":"https:\/\/fahazak.lemonfa.hu\/hu\/wp-json\/wp\/v2\/types\/product"}],"replies":[{"embeddable":true,"href":"https:\/\/fahazak.lemonfa.hu\/hu\/wp-json\/wp\/v2\/comments?post=10442"}],"version-history":[{"count":6,"href":"https:\/\/fahazak.lemonfa.hu\/hu\/wp-json\/wp\/v2\/product\/10442\/revisions"}],"predecessor-version":[{"id":13249,"href":"https:\/\/fahazak.lemonfa.hu\/hu\/wp-json\/wp\/v2\/product\/10442\/revisions\/13249"}],"wp:featuredmedia":[{"embeddable":true,"href":"https:\/\/fahazak.lemonfa.hu\/hu\/wp-json\/wp\/v2\/media\/10443"}],"wp:attachment":[{"href":"https:\/\/fahazak.lemonfa.hu\/hu\/wp-json\/wp\/v2\/media?parent=10442"}],"wp:term":[{"taxonomy":"product_cat","embeddable":true,"href":"https:\/\/fahazak.lemonfa.hu\/hu\/wp-json\/wp\/v2\/product_cat?post=10442"},{"taxonomy":"product_tag","embeddable":true,"href":"https:\/\/fahazak.lemonfa.hu\/hu\/wp-json\/wp\/v2\/product_tag?post=10442"}],"curies":[{"name":"wp","href":"https:\/\/api.w.org\/{rel}","templated":true}]}}