{"id":10506,"date":"2023-05-20T18:56:31","date_gmt":"2023-05-20T16:56:31","guid":{"rendered":"https:\/\/fahazak.lemonfa.hu\/?post_type=product&#038;p=10506"},"modified":"2025-02-07T14:19:35","modified_gmt":"2025-02-07T13:19:35","slug":"arusito-fahaz-h4-2x15m","status":"publish","type":"product","link":"https:\/\/fahazak.lemonfa.hu\/hu\/tartozekok\/arusito-fahazak\/arusito-fahaz-h4-2x15m\/","title":{"rendered":"\u00c1rus\u00edt\u00f3 fah\u00e1z H4 2\u00d71,5m"},"content":{"rendered":"<div data-elementor-type=\"wp-post\" data-elementor-id=\"10506\" class=\"elementor elementor-10506\">\n\t\t\t\t\t\t\t\t\t<section class=\"wd-negative-gap elementor-section elementor-top-section elementor-element elementor-element-3f65920 elementor-section-boxed elementor-section-height-default elementor-section-height-default wd-section-disabled\" data-id=\"3f65920\" data-element_type=\"section\">\n\t\t\t\t\t\t<div class=\"elementor-container elementor-column-gap-default\">\n\t\t\t\t\t<div class=\"elementor-column elementor-col-100 elementor-top-column elementor-element elementor-element-6db0d99\" data-id=\"6db0d99\" data-element_type=\"column\">\n\t\t\t<div class=\"elementor-widget-wrap elementor-element-populated\">\n\t\t\t\t\t\t\t\t<div class=\"elementor-element elementor-element-54792bf elementor-widget elementor-widget-wd_text_block\" data-id=\"54792bf\" data-element_type=\"widget\" data-widget_type=\"wd_text_block.default\">\n\t\t\t\t<div class=\"elementor-widget-container\">\n\t\t\t\t\t<div class=\"wd-text-block reset-last-child text-left\">\n\t\t\t\n\t\t\t<p><strong>Az \u00e1r tartalmazza:<\/strong><\/p><ul><li>oldalfalak<\/li><li>padl\u00f3<\/li><li>tet\u0151szerkezet<\/li><li>a  c\u00edmre.<\/li><li>ablak red\u0151nnyel<\/li><li>soromp\u00f3ajt\u00f3<\/li><li>fest\u00e9k<\/li><li>sz\u00e1ll\u00edt\u00e1s<\/li><\/ul>\n\t\t\t\t\t<\/div>\n\t\t\t\t<\/div>\n\t\t\t\t<\/div>\n\t\t\t\t\t<\/div>\n\t\t<\/div>\n\t\t\t\t\t\t\t<\/div>\n\t\t<\/section>\n\t\t\t\t\t\t\t<\/div>","protected":false},"excerpt":{"rendered":"<p>Kar\u00e1csonyi v\u00e1s\u00e1rok, v\u00e1rosi v\u00e1s\u00e1rok, piacterek, fesztiv\u00e1lok, street food... A klasszikus \u00e9ttermek \u00e9s a t\u00e9gla\u00fczletek kezdenek stagn\u00e1lni, ez\u00e9rt egyre nagyobb teret h\u00f3d\u00edt az \u00fagynevezett mobil \u00fczlet, amelyben lehet\u0151s\u00e9g\u00fcnk van arra, hogy v\u00e1ltoztassuk a m\u0171k\u00f6d\u00e9s\u00fcnk helysz\u00edn\u00e9t. A H4-es (2\u00d71,5m) elad\u00f3t\u00e9r ide\u00e1lis v\u00e1laszt\u00e1s abban az esetben, ha \u00d6n az \u00e9rt\u00e9kes\u00edt\u00e9snek ezt a m\u00f3dj\u00e1t v\u00e1lasztotta, \u00e9s nem f\u00e9l kit\u0171nni a versenyt\u00e1rsak t\u00f6meg\u00e9b\u0151l.<\/p>\n<div id=\"read1659113084\" class=\"read_div\">A nagyon eleg\u00e1ns \u00e9s t\u00e1gas elad\u00f3t\u00e9r k\u00e9tszeres v\u00e9d\u0151bevonattal van impregn\u00e1lva, amelynek \u00e1rnyalat\u00e1t a mintak\u00f6nyv\u00fcnkb\u0151l v\u00e1laszthatja ki. Az \u00e1r tartalmazza a padl\u00f3t, az ajt\u00f3t, a red\u0151ny\u00f6s ablakot, a fest\u00e9ket \u00e9s a burkolatot. A tet\u0151 k\u00e9tszeres nyeregtet\u0151s.<\/div>","protected":false},"featured_media":10511,"comment_status":"open","ping_status":"closed","template":"","meta":[],"product_cat":[125,657],"product_tag":[],"_links":{"self":[{"href":"https:\/\/fahazak.lemonfa.hu\/hu\/wp-json\/wp\/v2\/product\/10506"}],"collection":[{"href":"https:\/\/fahazak.lemonfa.hu\/hu\/wp-json\/wp\/v2\/product"}],"about":[{"href":"https:\/\/fahazak.lemonfa.hu\/hu\/wp-json\/wp\/v2\/types\/product"}],"replies":[{"embeddable":true,"href":"https:\/\/fahazak.lemonfa.hu\/hu\/wp-json\/wp\/v2\/comments?post=10506"}],"version-history":[{"count":6,"href":"https:\/\/fahazak.lemonfa.hu\/hu\/wp-json\/wp\/v2\/product\/10506\/revisions"}],"predecessor-version":[{"id":13293,"href":"https:\/\/fahazak.lemonfa.hu\/hu\/wp-json\/wp\/v2\/product\/10506\/revisions\/13293"}],"wp:featuredmedia":[{"embeddable":true,"href":"https:\/\/fahazak.lemonfa.hu\/hu\/wp-json\/wp\/v2\/media\/10511"}],"wp:attachment":[{"href":"https:\/\/fahazak.lemonfa.hu\/hu\/wp-json\/wp\/v2\/media?parent=10506"}],"wp:term":[{"taxonomy":"product_cat","embeddable":true,"href":"https:\/\/fahazak.lemonfa.hu\/hu\/wp-json\/wp\/v2\/product_cat?post=10506"},{"taxonomy":"product_tag","embeddable":true,"href":"https:\/\/fahazak.lemonfa.hu\/hu\/wp-json\/wp\/v2\/product_tag?post=10506"}],"curies":[{"name":"wp","href":"https:\/\/api.w.org\/{rel}","templated":true}]}}