{"id":10653,"date":"2023-05-21T10:22:16","date_gmt":"2023-05-21T08:22:16","guid":{"rendered":"https:\/\/fahazak.lemonfa.hu\/?post_type=product&#038;p=10653"},"modified":"2025-02-07T14:04:35","modified_gmt":"2025-02-07T13:04:35","slug":"fa-furdodezsa-afrodita-o-207cm-kek","status":"publish","type":"product","link":"https:\/\/fahazak.lemonfa.hu\/hu\/tartozekok\/fabol-keszult-furdokadak\/fa-furdodezsa-afrodita-o-207cm-kek\/","title":{"rendered":"Fa f\u00fcrd\u0151d\u00e9zsa AFRODITA \u00f8 207cm K\u00e9k"},"content":{"rendered":"<div data-elementor-type=\"wp-post\" data-elementor-id=\"10653\" class=\"elementor elementor-10653\">\n\t\t\t\t\t\t\t\t\t<section class=\"wd-negative-gap elementor-section elementor-top-section elementor-element elementor-element-3f65920 elementor-section-boxed elementor-section-height-default elementor-section-height-default wd-section-disabled\" data-id=\"3f65920\" data-element_type=\"section\">\n\t\t\t\t\t\t<div class=\"elementor-container elementor-column-gap-default\">\n\t\t\t\t\t<div class=\"elementor-column elementor-col-100 elementor-top-column elementor-element elementor-element-6db0d99\" data-id=\"6db0d99\" data-element_type=\"column\">\n\t\t\t<div class=\"elementor-widget-wrap elementor-element-populated\">\n\t\t\t\t\t\t\t\t<div class=\"elementor-element elementor-element-54792bf elementor-widget elementor-widget-wd_text_block\" data-id=\"54792bf\" data-element_type=\"widget\" data-widget_type=\"wd_text_block.default\">\n\t\t\t\t<div class=\"elementor-widget-container\">\n\t\t\t\t\t<div class=\"wd-text-block reset-last-child text-left\">\n\t\t\t\n\t\t\tA csomag tartalmazza:\n<ul>\n \t<li>8 szem\u00e9lyes fa k\u00e1d (\u00f8207cm, \u2191 119cm, 300kg) - fel\u00fcletkezelt skandin\u00e1v lucfeny\u0151fa<\/li>\n \t<li>akrilb\u00f3l k\u00e9sz\u00fclt f\u00fcrd\u0151bet\u00e9t (a jobb tiszt\u00edthat\u00f3s\u00e1g, higi\u00e9nia \u00e9s a k\u00e1d hosszabb \u00e9lettartama \u00e9rdek\u00e9ben)<\/li>\n \t<li>215 cm \u00e1tm\u00e9r\u0151j\u0171 fels\u0151 ny\u00edl\u00e1s<\/li>\n \t<li>k\u00fclt\u00e9ri fa\/brikettk\u00e1lyha (30 kW, m\u00e9ret 60x40x50cm)<\/li>\n \t<li>alum\u00ednium k\u00fcls\u0151 s\u00fct\u0151: (m\u00e9retek 65 x 42 x 62 cm)<\/li>\n \t<li>200 cm hossz\u00fa k\u00e9m\u00e9ny<\/li>\n \t<li>v\u00edzelvezet\u00e9s (csap)<\/li>\n \t<li>impregn\u00e1lt f\u00e1b\u00f3l (skandin\u00e1v lucfeny\u0151) k\u00e9sz\u00fclt l\u00e9pcs\u0151fokok<\/li>\n<\/ul>\n\t\t\t\t\t<\/div>\n\t\t\t\t<\/div>\n\t\t\t\t<\/div>\n\t\t\t\t\t<\/div>\n\t\t<\/div>\n\t\t\t\t\t\t\t<\/div>\n\t\t<\/section>\n\t\t\t\t\t\t\t<\/div>","protected":false},"excerpt":{"rendered":"<ul>\n<li>A k\u00e1d m\u00e9rete: \u00f8 207cm<\/li>\n<li>Sz\u00edn: K\u00e9k<\/li>\n<li>Anyag: impregn\u00e1lt skandin\u00e1v lucfeny\u0151 + akril + f\u00e9m<\/li>\n<li>Szem\u00e9lyek sz\u00e1ma: 8<\/li>\n<li style=\"font-size: 16px;\">Tartalmazza: sz\u00f6k\u0151k\u00fat, lej\u00e1r\u00f3, k\u00e1lyha, k\u00e9m\u00e9ny, l\u00e9pcs\u0151k<\/li>\n<\/ul>","protected":false},"featured_media":10654,"comment_status":"open","ping_status":"closed","template":"","meta":[],"product_cat":[124],"product_tag":[],"_links":{"self":[{"href":"https:\/\/fahazak.lemonfa.hu\/hu\/wp-json\/wp\/v2\/product\/10653"}],"collection":[{"href":"https:\/\/fahazak.lemonfa.hu\/hu\/wp-json\/wp\/v2\/product"}],"about":[{"href":"https:\/\/fahazak.lemonfa.hu\/hu\/wp-json\/wp\/v2\/types\/product"}],"replies":[{"embeddable":true,"href":"https:\/\/fahazak.lemonfa.hu\/hu\/wp-json\/wp\/v2\/comments?post=10653"}],"version-history":[{"count":6,"href":"https:\/\/fahazak.lemonfa.hu\/hu\/wp-json\/wp\/v2\/product\/10653\/revisions"}],"predecessor-version":[{"id":13290,"href":"https:\/\/fahazak.lemonfa.hu\/hu\/wp-json\/wp\/v2\/product\/10653\/revisions\/13290"}],"wp:featuredmedia":[{"embeddable":true,"href":"https:\/\/fahazak.lemonfa.hu\/hu\/wp-json\/wp\/v2\/media\/10654"}],"wp:attachment":[{"href":"https:\/\/fahazak.lemonfa.hu\/hu\/wp-json\/wp\/v2\/media?parent=10653"}],"wp:term":[{"taxonomy":"product_cat","embeddable":true,"href":"https:\/\/fahazak.lemonfa.hu\/hu\/wp-json\/wp\/v2\/product_cat?post=10653"},{"taxonomy":"product_tag","embeddable":true,"href":"https:\/\/fahazak.lemonfa.hu\/hu\/wp-json\/wp\/v2\/product_tag?post=10653"}],"curies":[{"name":"wp","href":"https:\/\/api.w.org\/{rel}","templated":true}]}}