{"id":10900,"date":"2023-05-24T16:30:18","date_gmt":"2023-05-24T14:30:18","guid":{"rendered":"https:\/\/fahazak.lemonfa.hu\/?post_type=product&#038;p=10900"},"modified":"2025-02-07T11:47:55","modified_gmt":"2025-02-07T10:47:55","slug":"pavilon-sunny-4x4m","status":"publish","type":"product","link":"https:\/\/fahazak.lemonfa.hu\/hu\/kerti-pavilonok\/pavilon-sunny-4x4m\/","title":{"rendered":"Pavilon Sunny 4x4m"},"content":{"rendered":"<div data-elementor-type=\"wp-post\" data-elementor-id=\"10900\" class=\"elementor elementor-10900\">\n\t\t\t\t\t\t\t\t\t<section class=\"wd-negative-gap elementor-section elementor-top-section elementor-element elementor-element-3f65920 elementor-section-boxed elementor-section-height-default elementor-section-height-default wd-section-disabled\" data-id=\"3f65920\" data-element_type=\"section\">\n\t\t\t\t\t\t<div class=\"elementor-container elementor-column-gap-default\">\n\t\t\t\t\t<div class=\"elementor-column elementor-col-100 elementor-top-column elementor-element elementor-element-6db0d99\" data-id=\"6db0d99\" data-element_type=\"column\">\n\t\t\t<div class=\"elementor-widget-wrap elementor-element-populated\">\n\t\t\t\t\t\t\t\t<div class=\"elementor-element elementor-element-54792bf elementor-widget elementor-widget-wd_text_block\" data-id=\"54792bf\" data-element_type=\"widget\" data-widget_type=\"wd_text_block.default\">\n\t\t\t\t<div class=\"elementor-widget-container\">\n\t\t\t\t\t<div class=\"wd-text-block reset-last-child text-left\">\n\t\t\t\n\t\t\t<p><strong>Az \u00e1r tartalmazza:<\/strong><\/p><ul><li>a pavilon \u00e9p\u00edt\u00e9se 20x20cm-es prizm\u00e1kkal<\/li><li>tet\u0151szerkezet<\/li><li>fest\u00e9k (a pavilont m\u00e1r festve sz\u00e1ll\u00edtj\u00e1k, \u00e9s a sz\u00ednt a fest\u00e9kmint\u00e1b\u00f3l v\u00e1laszthatja ki)<\/li><\/ul>\n\t\t\t\t\t<\/div>\n\t\t\t\t<\/div>\n\t\t\t\t<\/div>\n\t\t\t\t\t<\/div>\n\t\t<\/div>\n\t\t\t\t\t\t\t<\/div>\n\t\t<\/section>\n\t\t\t\t\t\t\t<\/div>","protected":false},"excerpt":{"rendered":"<div class=\"elementor-element elementor-element-59051814 elementor-widget elementor-widget-text-editor\" data-id=\"59051814\" data-element_type=\"widget\" data-widget_type=\"text-editor.default\">\n<div class=\"elementor-widget-container\">\n<div class=\"elementor-text-editor elementor-clearfix\">\n<p><strong>Napf\u00e9nyes pavilon<\/strong>\u00a0\u00fagy tervezt\u00e9k, hogy a kertet rendk\u00edv\u00fcli karakterrel ruh\u00e1zza fel, \u00e9s m\u00e1r r\u00e1n\u00e9z\u00e9sre is az otthon \u00e9rz\u00e9s\u00e9t adja. Ig\u00e9nyeit\u0151l f\u00fcgg\u0151en h\u00e1rom praktikus m\u00e9ret k\u00f6z\u00fcl v\u00e1laszthat -\u00a0<strong>3,5\u00d73,5m, 4x4m, 5x5m<\/strong>.<\/p>\n<div id=\"read597479810\" class=\"read_div\">Az \u00e9p\u00fcletet egy massz\u00edv \u00e9p\u00edtm\u00e9ny t\u00e1masztja al\u00e1\u00a0<strong>prizm\u00e1k 20x20cm<\/strong>amelyek garant\u00e1lj\u00e1k a pavilon t\u00f6k\u00e9letes stabilit\u00e1s\u00e1t kedvez\u0151tlen id\u0151j\u00e1r\u00e1si k\u00f6r\u00fclm\u00e9nyek k\u00f6z\u00f6tt. A tet\u0151t 2 cm vastag perfor\u00e1ci\u00f3val bor\u00edtjuk, amelyet az \u00e1r m\u00e1r tartalmaz. A pavilon betonalapra vagy betonlapra van lehorgonyozva, amelyet a megrendel\u0151 maga betonoz be az alaprajz rajz\u00e1nak megfelel\u0151en. A pavilon \u00e1ra sem a tet\u0151fed\u00e9st, sem a bevonatot nem tartalmazza.<\/div>\n<\/div>\n<\/div>\n<\/div>","protected":false},"featured_media":10894,"comment_status":"open","ping_status":"closed","template":"","meta":[],"product_cat":[120],"product_tag":[722],"_links":{"self":[{"href":"https:\/\/fahazak.lemonfa.hu\/hu\/wp-json\/wp\/v2\/product\/10900"}],"collection":[{"href":"https:\/\/fahazak.lemonfa.hu\/hu\/wp-json\/wp\/v2\/product"}],"about":[{"href":"https:\/\/fahazak.lemonfa.hu\/hu\/wp-json\/wp\/v2\/types\/product"}],"replies":[{"embeddable":true,"href":"https:\/\/fahazak.lemonfa.hu\/hu\/wp-json\/wp\/v2\/comments?post=10900"}],"version-history":[{"count":6,"href":"https:\/\/fahazak.lemonfa.hu\/hu\/wp-json\/wp\/v2\/product\/10900\/revisions"}],"predecessor-version":[{"id":13190,"href":"https:\/\/fahazak.lemonfa.hu\/hu\/wp-json\/wp\/v2\/product\/10900\/revisions\/13190"}],"wp:featuredmedia":[{"embeddable":true,"href":"https:\/\/fahazak.lemonfa.hu\/hu\/wp-json\/wp\/v2\/media\/10894"}],"wp:attachment":[{"href":"https:\/\/fahazak.lemonfa.hu\/hu\/wp-json\/wp\/v2\/media?parent=10900"}],"wp:term":[{"taxonomy":"product_cat","embeddable":true,"href":"https:\/\/fahazak.lemonfa.hu\/hu\/wp-json\/wp\/v2\/product_cat?post=10900"},{"taxonomy":"product_tag","embeddable":true,"href":"https:\/\/fahazak.lemonfa.hu\/hu\/wp-json\/wp\/v2\/product_tag?post=10900"}],"curies":[{"name":"wp","href":"https:\/\/api.w.org\/{rel}","templated":true}]}}