{"id":10958,"date":"2023-05-24T17:46:27","date_gmt":"2023-05-24T15:46:27","guid":{"rendered":"https:\/\/fahazak.lemonfa.hu\/?post_type=product&#038;p=10958"},"modified":"2025-02-07T13:46:58","modified_gmt":"2025-02-07T12:46:58","slug":"szerszamhaz-n1-3x2m-teto-bovitese-45-cm-rel-faskamra","status":"publish","type":"product","link":"https:\/\/fahazak.lemonfa.hu\/hu\/szerszamhazak\/szerszamhaz-n1-3x2m-teto-bovitese-45-cm-rel-faskamra\/","title":{"rendered":"Szersz\u00e1mh\u00e1z N1 3x2m + fascade 1m, tet\u0151 b\u0151v\u00edt\u00e9se 45 cm-rel"},"content":{"rendered":"<div data-elementor-type=\"wp-post\" data-elementor-id=\"10958\" class=\"elementor elementor-10958\">\n\t\t\t\t\t\t\t\t\t<section class=\"wd-negative-gap elementor-section elementor-top-section elementor-element elementor-element-3f65920 elementor-section-boxed elementor-section-height-default elementor-section-height-default wd-section-disabled\" data-id=\"3f65920\" data-element_type=\"section\">\n\t\t\t\t\t\t<div class=\"elementor-container elementor-column-gap-default\">\n\t\t\t\t\t<div class=\"elementor-column elementor-col-100 elementor-top-column elementor-element elementor-element-6db0d99\" data-id=\"6db0d99\" data-element_type=\"column\">\n\t\t\t<div class=\"elementor-widget-wrap elementor-element-populated\">\n\t\t\t\t\t\t\t\t<div class=\"elementor-element elementor-element-54792bf elementor-widget elementor-widget-wd_text_block\" data-id=\"54792bf\" data-element_type=\"widget\" data-widget_type=\"wd_text_block.default\">\n\t\t\t\t<div class=\"elementor-widget-container\">\n\t\t\t\t\t<div class=\"wd-text-block reset-last-child text-left\">\n\t\t\t\n\t\t\t<p>A szersz\u00e1mh\u00e1z \u00e1ra tartalmazza:<\/p><ul><li>oldalfalak<\/li><li>padl\u00f3<\/li><li>tet\u0151szerkezet<\/li><li>a  c\u00edmre.<\/li><li>ablak red\u0151nnyel<\/li><li>soromp\u00f3ajt\u00f3<\/li><li>fest\u00e9k<\/li><li>sz\u00e1ll\u00edt\u00e1s*<\/li><\/ul><p>*<strong>Ingyenes sz\u00e1ll\u00edt\u00e1s<\/strong> a Szlov\u00e1k K\u00f6zt\u00e1rsas\u00e1g eg\u00e9sz ter\u00fclet\u00e9n minden megrendel\u0151nek, aki megrendeli a szersz\u00e1mh\u00e1zunkat, a k\u00e9pzett munk\u00e1saink \u00e1ltal t\u00f6rt\u00e9n\u0151 \u00f6sszeszerel\u00e9ssel egy\u00fctt biztos\u00edtjuk.<\/p><p>Ha nem \u00e9rdekli a h\u00e1z \u00f6sszeszerel\u00e9se a mi munk\u00e1saink \u00e1ltal, a sz\u00e1ll\u00edt\u00e1s d\u00edj\u00e1t felsz\u00e1moljuk. <span style=\"color: #ff0000;\"><strong>1,00 \u20ac\/km<\/strong><\/span>, amivel elsz\u00e1molunk <span style=\"color: #ff0000;\"><strong>mindk\u00e9t ir\u00e1nyban<\/strong><\/span> - a telep\u00edt\u00e9s helysz\u00edn\u00e9re t\u00f6rt\u00e9n\u0151 utaz\u00e1s \u00e9s a vissza\u00fat az \u00e1rvai Ni\u017en\u00e1-i sz\u00e9khely\u00fcnkre.<\/p>\n\t\t\t\t\t<\/div>\n\t\t\t\t<\/div>\n\t\t\t\t<\/div>\n\t\t\t\t\t<\/div>\n\t\t<\/div>\n\t\t\t\t\t\t\t<\/div>\n\t\t<\/section>\n\t\t\t\t\t\t\t<\/div>","protected":false},"excerpt":{"rendered":"<div class=\"elementor-element elementor-element-59051814 elementor-widget elementor-widget-text-editor\" data-id=\"59051814\" data-element_type=\"widget\" data-widget_type=\"text-editor.default\">\n<div class=\"elementor-widget-container\">\n<div class=\"elementor-text-editor elementor-clearfix\">\n<p><strong><a href=\"https:\/\/fahazak.lemonfa.hu\/hu\/domceky-na-naradie\/\" target=\"_blank\" rel=\"noopener\">Szersz\u00e1mh\u00e1z<\/a>\u00a0N1<\/strong> (3 x 2m) <strong>fah\u00e1zzal<\/strong> (<strong>+100cm<\/strong>) a <strong>45 cm-rel meghosszabb\u00edtott tet\u0151vel<\/strong> mindazoknak k\u00e9sz\u00fclt, akiknek nincs hely\u00fck a kert\u00e1pol\u00f3 szerek t\u00e1rol\u00e1s\u00e1ra. A fa k\u00e9tszeres impregn\u00e1l\u00e1sa garant\u00e1lja a <strong>hossz\u00fa \u00e9lettartam<\/strong>. Mi lesz\u00e1ll\u00edtjuk a h\u00e1zat festve. A fest\u00e9k \u00e1rnyalat\u00e1t maga v\u00e1lasztja ki a mintak\u00f6nyv\u00fcnkb\u0151l, valamint a tet\u0151fed\u00e9s sz\u00edn\u00e9t. Az \u00e1r tartalmazza: 1x ablak red\u0151nnyel (57x71cm), 1x ajt\u00f3 biztons\u00e1gi z\u00e1rral (100cm), 1x fah\u00e1z (100cm), 45cm-es tet\u0151hosszabb\u00edt\u00e1s, tet\u0151fed\u00e9s, padl\u00f3burkolat \u00e9s faburkolat.  Lehet\u0151s\u00e9g van speci\u00e1lis ajt\u00f3 vagy oldalablak rendel\u00e9s\u00e9re ehhez a kertes h\u00e1zhoz.<\/p>\n<\/div>\n<\/div>\n<\/div>","protected":false},"featured_media":12439,"comment_status":"open","ping_status":"closed","template":"","meta":[],"product_cat":[123],"product_tag":[726],"_links":{"self":[{"href":"https:\/\/fahazak.lemonfa.hu\/hu\/wp-json\/wp\/v2\/product\/10958"}],"collection":[{"href":"https:\/\/fahazak.lemonfa.hu\/hu\/wp-json\/wp\/v2\/product"}],"about":[{"href":"https:\/\/fahazak.lemonfa.hu\/hu\/wp-json\/wp\/v2\/types\/product"}],"replies":[{"embeddable":true,"href":"https:\/\/fahazak.lemonfa.hu\/hu\/wp-json\/wp\/v2\/comments?post=10958"}],"version-history":[{"count":6,"href":"https:\/\/fahazak.lemonfa.hu\/hu\/wp-json\/wp\/v2\/product\/10958\/revisions"}],"predecessor-version":[{"id":13285,"href":"https:\/\/fahazak.lemonfa.hu\/hu\/wp-json\/wp\/v2\/product\/10958\/revisions\/13285"}],"wp:featuredmedia":[{"embeddable":true,"href":"https:\/\/fahazak.lemonfa.hu\/hu\/wp-json\/wp\/v2\/media\/12439"}],"wp:attachment":[{"href":"https:\/\/fahazak.lemonfa.hu\/hu\/wp-json\/wp\/v2\/media?parent=10958"}],"wp:term":[{"taxonomy":"product_cat","embeddable":true,"href":"https:\/\/fahazak.lemonfa.hu\/hu\/wp-json\/wp\/v2\/product_cat?post=10958"},{"taxonomy":"product_tag","embeddable":true,"href":"https:\/\/fahazak.lemonfa.hu\/hu\/wp-json\/wp\/v2\/product_tag?post=10958"}],"curies":[{"name":"wp","href":"https:\/\/api.w.org\/{rel}","templated":true}]}}