{"id":11972,"date":"2023-06-07T11:17:09","date_gmt":"2023-06-07T09:17:09","guid":{"rendered":"https:\/\/fahazak.lemonfa.hu\/?post_type=product&#038;p=11972"},"modified":"2025-02-04T15:02:37","modified_gmt":"2025-02-04T14:02:37","slug":"latrina-valentin-90x90x210cm","status":"publish","type":"product","link":"https:\/\/fahazak.lemonfa.hu\/hu\/tartozekok\/kerti-wc-latrina\/latrina-valentin-90x90x210cm\/","title":{"rendered":"Latrina Valentine 90x90x210cm"},"content":{"rendered":"","protected":false},"excerpt":{"rendered":"<p>A 90x90x210 cm-es Valent\u00edn fa latrin\u00e1k stabilit\u00e1st \u00e9s mag\u00e1n\u00e9letet biztos\u00edtanak haszn\u00e1l\u00f3juknak. A f\u00e1b\u00f3l k\u00e9sz\u00fclt latrin\u00e1nak a belsej\u00e9ben egy egyszer\u0171, lyukas \u00fcl\u0151ke tal\u00e1lhat\u00f3, amely lehet\u0151v\u00e9 teszi a l\u00e1togat\u00f3 sz\u00e1m\u00e1ra a k\u00e9nyelmes \u00fcl\u00e9st.<\/p>","protected":false},"featured_media":12375,"comment_status":"open","ping_status":"closed","template":"","meta":[],"product_cat":[750],"product_tag":[],"_links":{"self":[{"href":"https:\/\/fahazak.lemonfa.hu\/hu\/wp-json\/wp\/v2\/product\/11972"}],"collection":[{"href":"https:\/\/fahazak.lemonfa.hu\/hu\/wp-json\/wp\/v2\/product"}],"about":[{"href":"https:\/\/fahazak.lemonfa.hu\/hu\/wp-json\/wp\/v2\/types\/product"}],"replies":[{"embeddable":true,"href":"https:\/\/fahazak.lemonfa.hu\/hu\/wp-json\/wp\/v2\/comments?post=11972"}],"version-history":[{"count":1,"href":"https:\/\/fahazak.lemonfa.hu\/hu\/wp-json\/wp\/v2\/product\/11972\/revisions"}],"predecessor-version":[{"id":11979,"href":"https:\/\/fahazak.lemonfa.hu\/hu\/wp-json\/wp\/v2\/product\/11972\/revisions\/11979"}],"wp:featuredmedia":[{"embeddable":true,"href":"https:\/\/fahazak.lemonfa.hu\/hu\/wp-json\/wp\/v2\/media\/12375"}],"wp:attachment":[{"href":"https:\/\/fahazak.lemonfa.hu\/hu\/wp-json\/wp\/v2\/media?parent=11972"}],"wp:term":[{"taxonomy":"product_cat","embeddable":true,"href":"https:\/\/fahazak.lemonfa.hu\/hu\/wp-json\/wp\/v2\/product_cat?post=11972"},{"taxonomy":"product_tag","embeddable":true,"href":"https:\/\/fahazak.lemonfa.hu\/hu\/wp-json\/wp\/v2\/product_tag?post=11972"}],"curies":[{"name":"wp","href":"https:\/\/api.w.org\/{rel}","templated":true}]}}