{"id":12173,"date":"2023-06-08T13:27:05","date_gmt":"2023-06-08T11:27:05","guid":{"rendered":"https:\/\/fahazak.lemonfa.hu\/?post_type=product&#038;p=12173"},"modified":"2025-02-07T14:58:19","modified_gmt":"2025-02-07T13:58:19","slug":"haz-bovitese-linda-37x12m","status":"publish","type":"product","link":"https:\/\/fahazak.lemonfa.hu\/hu\/tartozekok\/hazak-bovitese\/haz-bovitese-linda-37x12m\/","title":{"rendered":"H\u00e1z b\u0151v\u00edt\u00e9se Linda 3,7&#215;1,2m"},"content":{"rendered":"","protected":false},"excerpt":{"rendered":"<p>A h\u00e1zik\u00f3 b\u0151v\u00edt\u00e9se a kerti h\u00e1zik\u00f3 praktikus r\u00e9sze, amely lehet\u0151v\u00e9 teszi, hogy n\u00f6velje a h\u00e1z ter\u00e9t. Ak\u00e1r t\u00e1rol\u00e1sra, ak\u00e1r WC-nek vagy szersz\u00e1moskamr\u00e1nak haszn\u00e1lja, minden \u00e9vszakban \u00e9rt\u00e9kelni fogja a jelenl\u00e9t\u00e9t. A min\u0151s\u00e9gi faanyag, a hagyom\u00e1nyos kialak\u00edt\u00e1s \u00e9s a b\u0151v\u00edtm\u00e9ny ide\u00e1lis m\u00e9rete hossz\u00fa \u00e9veken \u00e1t garant\u00e1lja az \u00d6n el\u00e9gedetts\u00e9g\u00e9t.<\/p>","protected":false},"featured_media":12165,"comment_status":"open","ping_status":"closed","template":"","meta":[],"product_cat":[751],"product_tag":[],"_links":{"self":[{"href":"https:\/\/fahazak.lemonfa.hu\/hu\/wp-json\/wp\/v2\/product\/12173"}],"collection":[{"href":"https:\/\/fahazak.lemonfa.hu\/hu\/wp-json\/wp\/v2\/product"}],"about":[{"href":"https:\/\/fahazak.lemonfa.hu\/hu\/wp-json\/wp\/v2\/types\/product"}],"replies":[{"embeddable":true,"href":"https:\/\/fahazak.lemonfa.hu\/hu\/wp-json\/wp\/v2\/comments?post=12173"}],"version-history":[{"count":3,"href":"https:\/\/fahazak.lemonfa.hu\/hu\/wp-json\/wp\/v2\/product\/12173\/revisions"}],"predecessor-version":[{"id":13311,"href":"https:\/\/fahazak.lemonfa.hu\/hu\/wp-json\/wp\/v2\/product\/12173\/revisions\/13311"}],"wp:featuredmedia":[{"embeddable":true,"href":"https:\/\/fahazak.lemonfa.hu\/hu\/wp-json\/wp\/v2\/media\/12165"}],"wp:attachment":[{"href":"https:\/\/fahazak.lemonfa.hu\/hu\/wp-json\/wp\/v2\/media?parent=12173"}],"wp:term":[{"taxonomy":"product_cat","embeddable":true,"href":"https:\/\/fahazak.lemonfa.hu\/hu\/wp-json\/wp\/v2\/product_cat?post=12173"},{"taxonomy":"product_tag","embeddable":true,"href":"https:\/\/fahazak.lemonfa.hu\/hu\/wp-json\/wp\/v2\/product_tag?post=12173"}],"curies":[{"name":"wp","href":"https:\/\/api.w.org\/{rel}","templated":true}]}}