{"id":8539,"date":"2023-04-17T16:25:25","date_gmt":"2023-04-17T14:25:25","guid":{"rendered":"https:\/\/fahazak.lemonfa.hu\/?post_type=product&#038;p=8539"},"modified":"2025-02-07T09:01:19","modified_gmt":"2025-02-07T08:01:19","slug":"fahaz-alexandra-270x470cm-2m-terasz-28mm","status":"publish","type":"product","link":"https:\/\/fahazak.lemonfa.hu\/hu\/kerti-fahazak\/hazak-terasszal\/fahaz-alexandra-270x470cm-2m-terasz-28mm\/","title":{"rendered":"Fah\u00e1z Alexandra 270x470cm, 2m terrazzo, 28mm"},"content":{"rendered":"<div data-elementor-type=\"wp-post\" data-elementor-id=\"8539\" class=\"elementor elementor-8539\">\n\t\t\t\t\t\t\t\t\t<section class=\"wd-negative-gap elementor-section elementor-top-section elementor-element elementor-element-3f65920 elementor-section-boxed elementor-section-height-default elementor-section-height-default wd-section-disabled\" data-id=\"3f65920\" data-element_type=\"section\">\n\t\t\t\t\t\t<div class=\"elementor-container elementor-column-gap-default\">\n\t\t\t\t\t<div class=\"elementor-column elementor-col-100 elementor-top-column elementor-element elementor-element-6db0d99\" data-id=\"6db0d99\" data-element_type=\"column\">\n\t\t\t<div class=\"elementor-widget-wrap elementor-element-populated\">\n\t\t\t\t\t\t\t\t<div class=\"elementor-element elementor-element-54792bf elementor-widget elementor-widget-wd_text_block\" data-id=\"54792bf\" data-element_type=\"widget\" data-widget_type=\"wd_text_block.default\">\n\t\t\t\t<div class=\"elementor-widget-container\">\n\t\t\t\t\t<div class=\"wd-text-block reset-last-child text-left\">\n\t\t\t\n\t\t\t<strong>Az \u00e1r tartalmazza:<\/strong>\n<ul>\n \t<li style=\"font-size: 16px;\">oldalfalak<\/li>\n \t<li style=\"font-size: 16px;\">tet\u0151 perfor\u00e1ci\u00f3ja<\/li>\n \t<li style=\"font-size: 16px;\">padl\u00f3<\/li>\n \t<li style=\"font-size: 16px;\">terasz 2m<\/li>\n \t<li style=\"font-size: 16px;\">impregn\u00e1lt aljzatpr\u00edzisek<\/li>\n \t<li style=\"font-size: 16px;\">1x ajt\u00f3 (80x191cm) + kilincs + szerelv\u00e9nyek<\/li>\n \t<li style=\"font-size: 16px;\">2x ablak (60x72cm), egy fix \u00e9s egy nyithat\u00f3.<\/li>\n<\/ul>\n\t\t\t\t\t<\/div>\n\t\t\t\t<\/div>\n\t\t\t\t<\/div>\n\t\t\t\t\t<\/div>\n\t\t<\/div>\n\t\t\t\t\t\t\t<\/div>\n\t\t<\/section>\n\t\t\t\t\t\t\t<\/div>","protected":false},"excerpt":{"rendered":"<p><strong>Az Alexandra <a href=\"https:\/\/fahazak.lemonfa.hu\/hu\/kerti-fahazak\/\">Kerti fah\u00e1zik\u00f3<\/a> 2 m-es terasszal \u00e9s 28 mm falvastags\u00e1ggal<\/strong>\u00a0az ide\u00e1lis t\u00e1rs a kert\u00e9szek sz\u00e1m\u00e1ra, akik ak\u00e1r egy kisebb m\u00e9ret\u0171 telken akarnak \u00e9p\u00edteni. A\u00a0 <strong><a href=\"https:\/\/www.lemonfa.hu\/hajopadlo\/\" target=\"_blank\" rel=\"noopener\">haj\u00f3padl\u00f3<\/a> <\/strong>kiv\u00e1l\u00f3 min\u0151s\u00e9g\u0171 \u00e9szaki lucfeny\u0151b\u0151l van. Az Alexandra h\u00e1z falvastags\u00e1ga 28 mm. A h\u00e1zik\u00f3 \u00e1ra tartalmazza: oldalfalak, tet\u0151szerkezet, padl\u00f3burkolatot, teraszt, az impregn\u00e1lt alapgerend\u00e1kat, 1x ajt\u00f3 (80x191cm) + kilincs + szerelv\u00e9nyek, 2x ablak (60x72cm) (az egyik fix, a m\u00e1sik nyithat\u00f3). Ehhez a hangulatos fah\u00e1zhoz lehet\u0151s\u00e9get k\u00edn\u00e1lunk red\u0151ny\u00f6k, b\u0151v\u00edt\u00e9sek, tet\u0151fed\u00e9s \u00e9s be\u00e9p\u00edt\u00e9s v\u00e1s\u00e1rl\u00e1s\u00e1ra. Az Alexandra <strong><a href=\"https:\/\/fahazak.lemonfa.hu\/hu\/kerti-fahazak\/fahazak-28mm\/\">kerti h\u00e1znak<\/a><\/strong>\u00a0 el\u0151nye az is, hogy kiv\u00e1laszthatja, hogy az ajt\u00f3 vagy az oldalablak melyik oldalon helyezkedjen el.<\/p>","protected":false},"featured_media":12561,"comment_status":"open","ping_status":"closed","template":"","meta":[],"product_cat":[127,656,78],"product_tag":[],"_links":{"self":[{"href":"https:\/\/fahazak.lemonfa.hu\/hu\/wp-json\/wp\/v2\/product\/8539"}],"collection":[{"href":"https:\/\/fahazak.lemonfa.hu\/hu\/wp-json\/wp\/v2\/product"}],"about":[{"href":"https:\/\/fahazak.lemonfa.hu\/hu\/wp-json\/wp\/v2\/types\/product"}],"replies":[{"embeddable":true,"href":"https:\/\/fahazak.lemonfa.hu\/hu\/wp-json\/wp\/v2\/comments?post=8539"}],"version-history":[{"count":6,"href":"https:\/\/fahazak.lemonfa.hu\/hu\/wp-json\/wp\/v2\/product\/8539\/revisions"}],"predecessor-version":[{"id":13126,"href":"https:\/\/fahazak.lemonfa.hu\/hu\/wp-json\/wp\/v2\/product\/8539\/revisions\/13126"}],"wp:featuredmedia":[{"embeddable":true,"href":"https:\/\/fahazak.lemonfa.hu\/hu\/wp-json\/wp\/v2\/media\/12561"}],"wp:attachment":[{"href":"https:\/\/fahazak.lemonfa.hu\/hu\/wp-json\/wp\/v2\/media?parent=8539"}],"wp:term":[{"taxonomy":"product_cat","embeddable":true,"href":"https:\/\/fahazak.lemonfa.hu\/hu\/wp-json\/wp\/v2\/product_cat?post=8539"},{"taxonomy":"product_tag","embeddable":true,"href":"https:\/\/fahazak.lemonfa.hu\/hu\/wp-json\/wp\/v2\/product_tag?post=8539"}],"curies":[{"name":"wp","href":"https:\/\/api.w.org\/{rel}","templated":true}]}}