{"id":8906,"date":"2023-04-25T19:23:19","date_gmt":"2023-04-25T17:23:19","guid":{"rendered":"https:\/\/fahazak.lemonfa.hu\/?post_type=product&#038;p=8906"},"modified":"2025-02-07T08:42:59","modified_gmt":"2025-02-07T07:42:59","slug":"fahaz-gabriela-400x320cm-terasz-28mm","status":"publish","type":"product","link":"https:\/\/fahazak.lemonfa.hu\/hu\/kerti-fahazak\/hazak-terasszal\/fahaz-gabriela-400x320cm-terasz-28mm\/","title":{"rendered":"Fah\u00e1z Gabriela 400x320cm, terasz, 28mm"},"content":{"rendered":"<div data-elementor-type=\"wp-post\" data-elementor-id=\"8906\" class=\"elementor elementor-8906\">\n\t\t\t\t\t\t\t\t\t<section class=\"wd-negative-gap elementor-section elementor-top-section elementor-element elementor-element-3f65920 elementor-section-boxed elementor-section-height-default elementor-section-height-default wd-section-disabled\" data-id=\"3f65920\" data-element_type=\"section\">\n\t\t\t\t\t\t<div class=\"elementor-container elementor-column-gap-default\">\n\t\t\t\t\t<div class=\"elementor-column elementor-col-100 elementor-top-column elementor-element elementor-element-6db0d99\" data-id=\"6db0d99\" data-element_type=\"column\">\n\t\t\t<div class=\"elementor-widget-wrap elementor-element-populated\">\n\t\t\t\t\t\t\t\t<div class=\"elementor-element elementor-element-54792bf elementor-widget elementor-widget-wd_text_block\" data-id=\"54792bf\" data-element_type=\"widget\" data-widget_type=\"wd_text_block.default\">\n\t\t\t\t<div class=\"elementor-widget-container\">\n\t\t\t\t\t<div class=\"wd-text-block reset-last-child text-left\">\n\t\t\t\n\t\t\t<p><strong>A nyaral\u00f3 \u00e1ra tartalmazza:<\/strong><\/p><ul><li>oldalfalak<\/li><li>tet\u0151 perfor\u00e1ci\u00f3ja<\/li><li>padl\u00f3<\/li><li>impregn\u00e1lt aljzatpr\u00edzisek<\/li><li>1x ajt\u00f3 (80x191cm) + kilincs + szerelv\u00e9nyek<\/li><li>2x ablak (60x72cm), egy fix \u00e9s egy nyithat\u00f3.<\/li><\/ul>\n\t\t\t\t\t<\/div>\n\t\t\t\t<\/div>\n\t\t\t\t<\/div>\n\t\t\t\t\t<\/div>\n\t\t<\/div>\n\t\t\t\t\t\t\t<\/div>\n\t\t<\/section>\n\t\t\t\t\t\t\t<\/div>","protected":false},"excerpt":{"rendered":"<p><strong>A Gabriela <a href=\"https:\/\/fahazak.lemonfa.hu\/hu\/kerti-fahazak\/\">fah\u00e1z<\/a>, terasszal 400&#215;320 cm m\u00e9retekkel \u00e9s 28mm falvastags\u00e1ggal<\/strong> szimpatikus v\u00e1laszt\u00e1s, bej\u00e1rati terasszal, amely kellemes mened\u00e9ket k\u00edn\u00e1l,\u00a0 aminek k\u00f6sz\u00f6nhet\u0151en nem engedi, hogy a tulajdonos cip\u0151je vizes legyen a tet\u0151 alatt. A fah\u00e1z<strong> 28 mm <a href=\"https:\/\/www.lemonfa.hu\/hajopadlo\/\" target=\"_blank\" rel=\"noopener\">vastag t\u00f6m\u00f6rfa padl\u00f3zattal van ell\u00e1tva<\/a><\/strong>. \u00d6nt\u0151l f\u00fcgg, hogy milyen falvastags\u00e1got v\u00e1laszt: 2,8cm | 4,5cm. Az \u00e1r tartalmazza tov\u00e1bb\u00e1: 1x ajt\u00f3 (80x191cm), 2x ablak (60\u00d772 cm), az egyik szell\u0151z\u0151, a m\u00e1sik ny\u00edl\u00f3. A h\u00e1zik\u00f3hoz red\u0151ny\u00f6k v\u00e1s\u00e1rl\u00e1s\u00e1ra is lehet\u0151s\u00e9get biztos\u00edtunk. A Gabriela fah\u00e1z praktikus el\u0151nye, hogy kiv\u00e1laszthatja, hogy melyik oldalra szeretn\u00e9 az ajt\u00f3t, a bej\u00e1rati teraszt, vagy az oldalablakot.<\/p>","protected":false},"featured_media":8914,"comment_status":"open","ping_status":"closed","template":"","meta":[],"product_cat":[127,656,78],"product_tag":[446],"_links":{"self":[{"href":"https:\/\/fahazak.lemonfa.hu\/hu\/wp-json\/wp\/v2\/product\/8906"}],"collection":[{"href":"https:\/\/fahazak.lemonfa.hu\/hu\/wp-json\/wp\/v2\/product"}],"about":[{"href":"https:\/\/fahazak.lemonfa.hu\/hu\/wp-json\/wp\/v2\/types\/product"}],"replies":[{"embeddable":true,"href":"https:\/\/fahazak.lemonfa.hu\/hu\/wp-json\/wp\/v2\/comments?post=8906"}],"version-history":[{"count":6,"href":"https:\/\/fahazak.lemonfa.hu\/hu\/wp-json\/wp\/v2\/product\/8906\/revisions"}],"predecessor-version":[{"id":13124,"href":"https:\/\/fahazak.lemonfa.hu\/hu\/wp-json\/wp\/v2\/product\/8906\/revisions\/13124"}],"wp:featuredmedia":[{"embeddable":true,"href":"https:\/\/fahazak.lemonfa.hu\/hu\/wp-json\/wp\/v2\/media\/8914"}],"wp:attachment":[{"href":"https:\/\/fahazak.lemonfa.hu\/hu\/wp-json\/wp\/v2\/media?parent=8906"}],"wp:term":[{"taxonomy":"product_cat","embeddable":true,"href":"https:\/\/fahazak.lemonfa.hu\/hu\/wp-json\/wp\/v2\/product_cat?post=8906"},{"taxonomy":"product_tag","embeddable":true,"href":"https:\/\/fahazak.lemonfa.hu\/hu\/wp-json\/wp\/v2\/product_tag?post=8906"}],"curies":[{"name":"wp","href":"https:\/\/api.w.org\/{rel}","templated":true}]}}