{"id":9132,"date":"2023-04-26T18:53:21","date_gmt":"2023-04-26T16:53:21","guid":{"rendered":"https:\/\/fahazak.lemonfa.hu\/?post_type=product&#038;p=9132"},"modified":"2025-05-16T09:13:59","modified_gmt":"2025-05-16T07:13:59","slug":"fahaz-verona-370x520cm-2t28","status":"publish","type":"product","link":"https:\/\/fahazak.lemonfa.hu\/hu\/kerti-fahazak\/hazak-terasszal\/fahaz-verona-370x520cm-2t28\/","title":{"rendered":"Fah\u00e1z Verona 370x520cm, 2m terasz, 28mm"},"content":{"rendered":"<div data-elementor-type=\"wp-post\" data-elementor-id=\"9132\" class=\"elementor elementor-9132\">\n\t\t\t\t\t\t\t\t\t<section class=\"wd-negative-gap elementor-section elementor-top-section elementor-element elementor-element-3f65920 elementor-section-boxed elementor-section-height-default elementor-section-height-default wd-section-disabled\" data-id=\"3f65920\" data-element_type=\"section\">\n\t\t\t\t\t\t<div class=\"elementor-container elementor-column-gap-default\">\n\t\t\t\t\t<div class=\"elementor-column elementor-col-100 elementor-top-column elementor-element elementor-element-6db0d99\" data-id=\"6db0d99\" data-element_type=\"column\">\n\t\t\t<div class=\"elementor-widget-wrap elementor-element-populated\">\n\t\t\t\t\t\t\t\t<div class=\"elementor-element elementor-element-54792bf elementor-widget elementor-widget-wd_text_block\" data-id=\"54792bf\" data-element_type=\"widget\" data-widget_type=\"wd_text_block.default\">\n\t\t\t\t<div class=\"elementor-widget-container\">\n\t\t\t\t\t<div class=\"wd-text-block reset-last-child text-left\">\n\t\t\t\n\t\t\t<p><strong>A nyaral\u00f3 \u00e1ra tartalmazza:<\/strong><\/p><ul><li>oldalfalak<\/li><li>tet\u0151 perfor\u00e1ci\u00f3ja<\/li><li>padl\u00f3<\/li><li>terasz 2m<\/li><li>impregn\u00e1lt aljzatpr\u00edzisek<\/li><li>1x ajt\u00f3 (80x191cm) + kilincs + szerelv\u00e9nyek<\/li><li>2x ablak (60x72cm), egy fix \u00e9s egy nyithat\u00f3.<\/li><\/ul>\n\t\t\t\t\t<\/div>\n\t\t\t\t<\/div>\n\t\t\t\t<\/div>\n\t\t\t\t\t<\/div>\n\t\t<\/div>\n\t\t\t\t\t\t\t<\/div>\n\t\t<\/section>\n\t\t\t\t\t\t\t<\/div>","protected":false},"excerpt":{"rendered":"<p>Hossz\u00fa ny\u00e1ri est\u00e9k a teraszon, grillez\u00e9s a t\u0171z mellett a szeretteivel, vagy egy hely, ahol elmenek\u00fclhet a napi felel\u0151ss\u00e9gek k\u00f6rforg\u00e1sa el\u0151l. Mindezt biztos\u00edtja \u00d6nnek <strong>a Verona nyaral\u00f3 370 x 520cm 2m-es terasszal \u00e9s 28mm falvastags\u00e1ggal <\/strong>. K\u00edn\u00e1latunkba van Verona h\u00e1z \u00a0 \u00a0 <strong>3 m terasszal is <\/strong>. Padl\u00f3burkolatnak kiv\u00e1l\u00f3 min\u0151s\u00e9g\u0171 <strong><a href=\"https:\/\/www.lemonfa.hu\/hajopadlo\/\" target=\"_blank\" rel=\"noopener\">fa haj\u00f3padl\u00f3<\/a> van<\/strong>. \u00d6nt\u0151l f\u00fcgg, hogy milyen falvastags\u00e1got v\u00e1laszt: 2,8cm | 4,5cm. A h\u00e1z \u00e1ra tartalmazza: 1x ajt\u00f3 (80x191cm), 2x ablak (60\u00d772 cm), melyek k\u00f6z\u00fcl az egyik nyithat\u00f3, a m\u00e1sik fix. A h\u00e1zik\u00f3hoz red\u0151ny\u00f6k v\u00e1s\u00e1rl\u00e1s\u00e1ra is van lehet\u0151s\u00e9g. A Verona egyik el\u0151nye, hogy \u00d6n v\u00e1laszthatja meg, hogy melyik oldalra szeretn\u00e9 az ajt\u00f3t vagy az oldalablakot.<\/p>","protected":false},"featured_media":12636,"comment_status":"open","ping_status":"closed","template":"","meta":[],"product_cat":[127,656,78],"product_tag":[],"_links":{"self":[{"href":"https:\/\/fahazak.lemonfa.hu\/hu\/wp-json\/wp\/v2\/product\/9132"}],"collection":[{"href":"https:\/\/fahazak.lemonfa.hu\/hu\/wp-json\/wp\/v2\/product"}],"about":[{"href":"https:\/\/fahazak.lemonfa.hu\/hu\/wp-json\/wp\/v2\/types\/product"}],"replies":[{"embeddable":true,"href":"https:\/\/fahazak.lemonfa.hu\/hu\/wp-json\/wp\/v2\/comments?post=9132"}],"version-history":[{"count":6,"href":"https:\/\/fahazak.lemonfa.hu\/hu\/wp-json\/wp\/v2\/product\/9132\/revisions"}],"predecessor-version":[{"id":13317,"href":"https:\/\/fahazak.lemonfa.hu\/hu\/wp-json\/wp\/v2\/product\/9132\/revisions\/13317"}],"wp:featuredmedia":[{"embeddable":true,"href":"https:\/\/fahazak.lemonfa.hu\/hu\/wp-json\/wp\/v2\/media\/12636"}],"wp:attachment":[{"href":"https:\/\/fahazak.lemonfa.hu\/hu\/wp-json\/wp\/v2\/media?parent=9132"}],"wp:term":[{"taxonomy":"product_cat","embeddable":true,"href":"https:\/\/fahazak.lemonfa.hu\/hu\/wp-json\/wp\/v2\/product_cat?post=9132"},{"taxonomy":"product_tag","embeddable":true,"href":"https:\/\/fahazak.lemonfa.hu\/hu\/wp-json\/wp\/v2\/product_tag?post=9132"}],"curies":[{"name":"wp","href":"https:\/\/api.w.org\/{rel}","templated":true}]}}