{"id":9205,"date":"2023-04-30T19:14:50","date_gmt":"2023-04-30T17:14:50","guid":{"rendered":"https:\/\/fahazak.lemonfa.hu\/?post_type=product&#038;p=9205"},"modified":"2025-02-10T08:36:12","modified_gmt":"2025-02-10T07:36:12","slug":"fahaz-anna-400x600cm-2m-terasz","status":"publish","type":"product","link":"https:\/\/fahazak.lemonfa.hu\/hu\/kerti-fahazak\/hazak-terasszal\/fahaz-anna-400x600cm-2m-terasz\/","title":{"rendered":"Fah\u00e1z Anna 400x600cm, 2m terasz, 28mm"},"content":{"rendered":"<div data-elementor-type=\"wp-post\" data-elementor-id=\"9205\" class=\"elementor elementor-9205\">\n\t\t\t\t\t\t\t\t\t<section class=\"wd-negative-gap elementor-section elementor-top-section elementor-element elementor-element-3f65920 elementor-section-boxed elementor-section-height-default elementor-section-height-default wd-section-disabled\" data-id=\"3f65920\" data-element_type=\"section\">\n\t\t\t\t\t\t<div class=\"elementor-container elementor-column-gap-default\">\n\t\t\t\t\t<div class=\"elementor-column elementor-col-100 elementor-top-column elementor-element elementor-element-6db0d99\" data-id=\"6db0d99\" data-element_type=\"column\">\n\t\t\t<div class=\"elementor-widget-wrap elementor-element-populated\">\n\t\t\t\t\t\t\t\t<div class=\"elementor-element elementor-element-54792bf elementor-widget elementor-widget-wd_text_block\" data-id=\"54792bf\" data-element_type=\"widget\" data-widget_type=\"wd_text_block.default\">\n\t\t\t\t<div class=\"elementor-widget-container\">\n\t\t\t\t\t<div class=\"wd-text-block reset-last-child text-left\">\n\t\t\t\n\t\t\t<p>A nyaral\u00f3 \u00e1ra tartalmazza:<\/p><ul><li>oldalfalak<\/li><li>tet\u0151 perfor\u00e1ci\u00f3ja<\/li><li>padl\u00f3<\/li><li>terasz 2m<\/li><li>impregn\u00e1lt aljzatpr\u00edzisek<\/li><li>1x ajt\u00f3 (80x191cm) + kilincs + szerelv\u00e9nyek<\/li><li>2x ablak (60x72cm), egy fix \u00e9s egy nyithat\u00f3.<\/li><\/ul>\n\t\t\t\t\t<\/div>\n\t\t\t\t<\/div>\n\t\t\t\t<\/div>\n\t\t\t\t\t<\/div>\n\t\t<\/div>\n\t\t\t\t\t\t\t<\/div>\n\t\t<\/section>\n\t\t\t\t\t\t\t<\/div>","protected":false},"excerpt":{"rendered":"<p><strong>Anna fah\u00e1zik\u00f3 400 x 600cm, 2m-es terasszal \u00e9s 28mm falvastags\u00e1ggal. <\/strong>Vonz\u00f3 v\u00e1laszt\u00e1s mindazok sz\u00e1m\u00e1ra, akik a j\u00f3l meg\u00e9rdemelt pihen\u00e9sr\u0151l \u00e1lmodoznak a kertben.\u00a0A padl\u00f3 kiv\u00e1l\u00f3 min\u0151s\u00e9g\u0171 csemp\u00e9b\u0151l k\u00e9sz\u00fclt Padl\u00f3burkolatnak kiv\u00e1l\u00f3 min\u0151s\u00e9g\u0171 <strong><a href=\"https:\/\/www.lemonfa.hu\/hajopadlo\/\">fa haj\u00f3padl\u00f3<\/a> van<\/strong>. Az \u00e1r tartalmazza ezen fel\u00fcl: <strong>1x ajt\u00f3 (80x191cm)<\/strong>, <strong>2x ablak (60\u00d772 cm)<\/strong>, az egyik fix, a m\u00e1sik nyithat\u00f3. A nyaral\u00f3hoz k\u00edn\u00e1ljuk a red\u0151ny\u00f6k megv\u00e1s\u00e1rl\u00e1s\u00e1nak lehet\u0151s\u00e9g\u00e9t. Az \u00f6sszeszerel\u00e9skor kiv\u00e1laszthatja, hogy melyik oldalra szeretne az ajt\u00f3t vagy oldalablakot. Az Anna h\u00e1zik\u00f3 alkalmas a praktikus <strong><a href=\"https:\/\/fahazak.lemonfa.hu\/hu\/tartozekok\/hazak-bovitese\/\">b\u0151v\u00edt\u00e9s<\/a><\/strong> re, kerti kell\u00e9kek vagy WC elhelyez\u00e9s\u00e9re. El\u0151nye a k\u00e9t v\u00e1ltozat\u00a0<strong><a href=\"https:\/\/www.lemonfa.hu\/teraszburkolat-sziberiai-vorosfenyo\/\">a terasz m\u00e9retei<\/a><\/strong>:\u00a0<strong>2m<\/strong>\u00a0|\u00a0<strong>3m \u00e9s k\u00e9t falvastags\u00e1g v\u00e1ltozatban (28\/45mm)<\/strong>.<\/p>","protected":false},"featured_media":12358,"comment_status":"open","ping_status":"closed","template":"","meta":[],"product_cat":[127,656,78],"product_tag":[150],"_links":{"self":[{"href":"https:\/\/fahazak.lemonfa.hu\/hu\/wp-json\/wp\/v2\/product\/9205"}],"collection":[{"href":"https:\/\/fahazak.lemonfa.hu\/hu\/wp-json\/wp\/v2\/product"}],"about":[{"href":"https:\/\/fahazak.lemonfa.hu\/hu\/wp-json\/wp\/v2\/types\/product"}],"replies":[{"embeddable":true,"href":"https:\/\/fahazak.lemonfa.hu\/hu\/wp-json\/wp\/v2\/comments?post=9205"}],"version-history":[{"count":6,"href":"https:\/\/fahazak.lemonfa.hu\/hu\/wp-json\/wp\/v2\/product\/9205\/revisions"}],"predecessor-version":[{"id":13313,"href":"https:\/\/fahazak.lemonfa.hu\/hu\/wp-json\/wp\/v2\/product\/9205\/revisions\/13313"}],"wp:featuredmedia":[{"embeddable":true,"href":"https:\/\/fahazak.lemonfa.hu\/hu\/wp-json\/wp\/v2\/media\/12358"}],"wp:attachment":[{"href":"https:\/\/fahazak.lemonfa.hu\/hu\/wp-json\/wp\/v2\/media?parent=9205"}],"wp:term":[{"taxonomy":"product_cat","embeddable":true,"href":"https:\/\/fahazak.lemonfa.hu\/hu\/wp-json\/wp\/v2\/product_cat?post=9205"},{"taxonomy":"product_tag","embeddable":true,"href":"https:\/\/fahazak.lemonfa.hu\/hu\/wp-json\/wp\/v2\/product_tag?post=9205"}],"curies":[{"name":"wp","href":"https:\/\/api.w.org\/{rel}","templated":true}]}}