{"id":9247,"date":"2023-05-02T20:40:09","date_gmt":"2023-05-02T18:40:09","guid":{"rendered":"https:\/\/fahazak.lemonfa.hu\/?post_type=product&#038;p=9247"},"modified":"2025-02-07T09:17:43","modified_gmt":"2025-02-07T08:17:43","slug":"fahaz-tobias-500x600cm-140cm-terasz-45mm","status":"publish","type":"product","link":"https:\/\/fahazak.lemonfa.hu\/hu\/kerti-fahazak\/hazak-terasszal\/fahaz-tobias-500x600cm-140cm-terasz-45mm\/","title":{"rendered":"Fah\u00e1z Tobias 500x600cm, 1,4m terasz, 45mm"},"content":{"rendered":"<div data-elementor-type=\"wp-post\" data-elementor-id=\"9247\" class=\"elementor elementor-9247\">\n\t\t\t\t\t\t\t\t\t<section class=\"wd-negative-gap elementor-section elementor-top-section elementor-element elementor-element-3f65920 elementor-section-boxed elementor-section-height-default elementor-section-height-default wd-section-disabled\" data-id=\"3f65920\" data-element_type=\"section\">\n\t\t\t\t\t\t<div class=\"elementor-container elementor-column-gap-default\">\n\t\t\t\t\t<div class=\"elementor-column elementor-col-100 elementor-top-column elementor-element elementor-element-6db0d99\" data-id=\"6db0d99\" data-element_type=\"column\">\n\t\t\t<div class=\"elementor-widget-wrap elementor-element-populated\">\n\t\t\t\t\t\t\t\t<div class=\"elementor-element elementor-element-54792bf elementor-widget elementor-widget-wd_text_block\" data-id=\"54792bf\" data-element_type=\"widget\" data-widget_type=\"wd_text_block.default\">\n\t\t\t\t<div class=\"elementor-widget-container\">\n\t\t\t\t\t<div class=\"wd-text-block reset-last-child text-left\">\n\t\t\t\n\t\t\t<p><strong>A nyaral\u00f3 \u00e1ra tartalmazza:\u00a0<\/strong><\/p><ul><li>oldalfalak (45mm)<\/li><li>tet\u0151 perfor\u00e1ci\u00f3ja<\/li><li>tet\u0151szerkezet<\/li><li>padl\u00f3 - csemp\u00e9zett padl\u00f3<\/li><li>terasz (1,5m x 5m)<\/li><li>impregn\u00e1lt aljzatpr\u00edzisek<\/li><li>1x ajt\u00f3 (159x202cm) + kilincs + szerelv\u00e9nyek<\/li><li>3x ablak (1x -156 x 105cm, 2x -63 x 188cm) nyithat\u00f3, dupla \u00fcvegez\u00e9s\u0171<\/li><li>18 liter fest\u00e9k a h\u00e1zhoz<\/li><\/ul>\n\t\t\t\t\t<\/div>\n\t\t\t\t<\/div>\n\t\t\t\t<\/div>\n\t\t\t\t\t<\/div>\n\t\t<\/div>\n\t\t\t\t\t\t\t<\/div>\n\t\t<\/section>\n\t\t\t\t\t\t\t<\/div>","protected":false},"excerpt":{"rendered":"<p><strong><a href=\"https:\/\/fahazak.lemonfa.hu\/hu\/zahradne-chatky\/\">Kerti h\u00e1zik\u00f3<\/a> Tobias\u00a0<\/strong><strong>500 x 600 cm, 1,4 m-es terasszal \u00e9s 45 mm falvastags\u00e1ggal.<\/strong>\u00a0haszn\u00e1lhat\u00f3 nyaral\u00f3k\u00e9nt, h\u00e9tv\u00e9gi h\u00e1zk\u00e9nt vagy gyermekei sz\u00e1m\u00e1ra nyaral\u00f3k\u00e9nt. A padl\u00f3 kiv\u00e1l\u00f3 min\u0151s\u00e9g\u0171\u00a0<a href=\"https:\/\/www.tatranskyprofil.sk\/drevena-podlaha\/\" target=\"_blank\" rel=\"noopener\"><strong>burkolat<\/strong><\/a>. Fal\u00a0<strong><a href=\"https:\/\/fahazak.lemonfa.hu\/hu\/zahradne-chatky\/\">kabinok<\/a><\/strong>\u00a0A\u00a0<strong>Durva<\/strong>\u00a0<strong>4.5cm<\/strong>. Az \u00e1r tartalmazza: 1x ajt\u00f3 (159x202cm), 3x nyithat\u00f3 ablak. A nyaral\u00f3hoz red\u0151ny\u00f6k v\u00e1s\u00e1rl\u00e1s\u00e1ra is van lehet\u0151s\u00e9g.<\/p>","protected":false},"featured_media":12602,"comment_status":"open","ping_status":"closed","template":"","meta":[],"product_cat":[656,128,78],"product_tag":[],"_links":{"self":[{"href":"https:\/\/fahazak.lemonfa.hu\/hu\/wp-json\/wp\/v2\/product\/9247"}],"collection":[{"href":"https:\/\/fahazak.lemonfa.hu\/hu\/wp-json\/wp\/v2\/product"}],"about":[{"href":"https:\/\/fahazak.lemonfa.hu\/hu\/wp-json\/wp\/v2\/types\/product"}],"replies":[{"embeddable":true,"href":"https:\/\/fahazak.lemonfa.hu\/hu\/wp-json\/wp\/v2\/comments?post=9247"}],"version-history":[{"count":6,"href":"https:\/\/fahazak.lemonfa.hu\/hu\/wp-json\/wp\/v2\/product\/9247\/revisions"}],"predecessor-version":[{"id":13132,"href":"https:\/\/fahazak.lemonfa.hu\/hu\/wp-json\/wp\/v2\/product\/9247\/revisions\/13132"}],"wp:featuredmedia":[{"embeddable":true,"href":"https:\/\/fahazak.lemonfa.hu\/hu\/wp-json\/wp\/v2\/media\/12602"}],"wp:attachment":[{"href":"https:\/\/fahazak.lemonfa.hu\/hu\/wp-json\/wp\/v2\/media?parent=9247"}],"wp:term":[{"taxonomy":"product_cat","embeddable":true,"href":"https:\/\/fahazak.lemonfa.hu\/hu\/wp-json\/wp\/v2\/product_cat?post=9247"},{"taxonomy":"product_tag","embeddable":true,"href":"https:\/\/fahazak.lemonfa.hu\/hu\/wp-json\/wp\/v2\/product_tag?post=9247"}],"curies":[{"name":"wp","href":"https:\/\/api.w.org\/{rel}","templated":true}]}}