{"id":9253,"date":"2023-05-02T20:45:16","date_gmt":"2023-05-02T18:45:16","guid":{"rendered":"https:\/\/fahazak.lemonfa.hu\/?post_type=product&#038;p=9253"},"modified":"2025-02-07T09:09:11","modified_gmt":"2025-02-07T08:09:11","slug":"fahaz-julia-520x720cm-2m-terasz-45mm","status":"publish","type":"product","link":"https:\/\/fahazak.lemonfa.hu\/hu\/kerti-fahazak\/hazak-terasszal\/fahaz-julia-520x720cm-2m-terasz-45mm\/","title":{"rendered":"Fah\u00e1z J\u00falia 520x720cm, 2m terasz, 45mm"},"content":{"rendered":"<div data-elementor-type=\"wp-post\" data-elementor-id=\"9253\" class=\"elementor elementor-9253\">\n\t\t\t\t\t\t\t\t\t<section class=\"wd-negative-gap elementor-section elementor-top-section elementor-element elementor-element-3f65920 elementor-section-boxed elementor-section-height-default elementor-section-height-default wd-section-disabled\" data-id=\"3f65920\" data-element_type=\"section\">\n\t\t\t\t\t\t<div class=\"elementor-container elementor-column-gap-default\">\n\t\t\t\t\t<div class=\"elementor-column elementor-col-100 elementor-top-column elementor-element elementor-element-6db0d99\" data-id=\"6db0d99\" data-element_type=\"column\">\n\t\t\t<div class=\"elementor-widget-wrap elementor-element-populated\">\n\t\t\t\t\t\t\t\t<div class=\"elementor-element elementor-element-54792bf elementor-widget elementor-widget-wd_text_block\" data-id=\"54792bf\" data-element_type=\"widget\" data-widget_type=\"wd_text_block.default\">\n\t\t\t\t<div class=\"elementor-widget-container\">\n\t\t\t\t\t<div class=\"wd-text-block reset-last-child text-left\">\n\t\t\t\n\t\t\t<p><strong>A nyaral\u00f3 \u00e1ra tartalmazza:\u00a0<\/strong><\/p><ul><li>oldalfalak<\/li><li>bels\u0151 falak<\/li><li>tet\u0151 perfor\u00e1ci\u00f3ja<\/li><li>padl\u00f3<\/li><li>terasz<\/li><li>impregn\u00e1lt aljzatpr\u00edzisek<\/li><li>1x ajt\u00f3 (159x202cm) + kilincs + szerelv\u00e9nyek<\/li><li>1x bels\u0151 ajt\u00f3<\/li><li>3x ablak (1x-162x106cm, 2x-86x106cm), nyithat\u00f3, v\u00e1kuum, dupla \u00fcvegez\u00e9s.\u00a0<\/li><li>Cottage fest\u00e9k (18l)<\/li><\/ul>\n\t\t\t\t\t<\/div>\n\t\t\t\t<\/div>\n\t\t\t\t<\/div>\n\t\t\t\t\t<\/div>\n\t\t<\/div>\n\t\t\t\t\t\t\t<\/div>\n\t\t<\/section>\n\t\t\t\t\t\t\t<\/div>","protected":false},"excerpt":{"rendered":"<p><strong><a href=\"https:\/\/fahazak.lemonfa.hu\/hu\/zahradne-chatky\/\">Kerti h\u00e1zik\u00f3<\/a> Julia 520x720cm 2m-es terasszal \u00e9s 45mm falvastags\u00e1ggal<\/strong>\u00a0a megfelel\u0151 hely mindazok sz\u00e1m\u00e1ra, akik mindig is v\u00e1gytak egy saj\u00e1t h\u00e1zik\u00f3ra. A megfizethet\u0151 J\u00falia egy f\u0151 t\u00e1gas szob\u00e1ra \u00e9s egy m\u00e1sodik kisebb hangulatos szob\u00e1ra oszlik. A padl\u00f3 kiv\u00e1l\u00f3 min\u0151s\u00e9g\u0171\u00a0<strong><a href=\"https:\/\/www.tatranskyprofil.sk\/drevena-podlaha\/\" target=\"_blank\" rel=\"noopener\">burkolat<\/a><\/strong>. A terasz hossza 2m. A fal a h\u00e1z vastag\u00a0<strong>4.5cm<\/strong>. Az \u00e1r tartalmazza: 1x ajt\u00f3, 3x nyithat\u00f3 ablak. A nyaral\u00f3hoz red\u0151ny\u00f6k v\u00e1s\u00e1rl\u00e1s\u00e1ra is lehet\u0151s\u00e9get biztos\u00edtunk.<\/p>","protected":false},"featured_media":12562,"comment_status":"open","ping_status":"closed","template":"","meta":[],"product_cat":[656,128,78],"product_tag":[],"_links":{"self":[{"href":"https:\/\/fahazak.lemonfa.hu\/hu\/wp-json\/wp\/v2\/product\/9253"}],"collection":[{"href":"https:\/\/fahazak.lemonfa.hu\/hu\/wp-json\/wp\/v2\/product"}],"about":[{"href":"https:\/\/fahazak.lemonfa.hu\/hu\/wp-json\/wp\/v2\/types\/product"}],"replies":[{"embeddable":true,"href":"https:\/\/fahazak.lemonfa.hu\/hu\/wp-json\/wp\/v2\/comments?post=9253"}],"version-history":[{"count":6,"href":"https:\/\/fahazak.lemonfa.hu\/hu\/wp-json\/wp\/v2\/product\/9253\/revisions"}],"predecessor-version":[{"id":13129,"href":"https:\/\/fahazak.lemonfa.hu\/hu\/wp-json\/wp\/v2\/product\/9253\/revisions\/13129"}],"wp:featuredmedia":[{"embeddable":true,"href":"https:\/\/fahazak.lemonfa.hu\/hu\/wp-json\/wp\/v2\/media\/12562"}],"wp:attachment":[{"href":"https:\/\/fahazak.lemonfa.hu\/hu\/wp-json\/wp\/v2\/media?parent=9253"}],"wp:term":[{"taxonomy":"product_cat","embeddable":true,"href":"https:\/\/fahazak.lemonfa.hu\/hu\/wp-json\/wp\/v2\/product_cat?post=9253"},{"taxonomy":"product_tag","embeddable":true,"href":"https:\/\/fahazak.lemonfa.hu\/hu\/wp-json\/wp\/v2\/product_tag?post=9253"}],"curies":[{"name":"wp","href":"https:\/\/api.w.org\/{rel}","templated":true}]}}