{"id":9255,"date":"2023-05-02T20:46:25","date_gmt":"2023-05-02T18:46:25","guid":{"rendered":"https:\/\/fahazak.lemonfa.hu\/?post_type=product&#038;p=9255"},"modified":"2025-02-07T09:08:34","modified_gmt":"2025-02-07T08:08:34","slug":"fahaz-sergej-600x600cm-150cm-terasz-45mm","status":"publish","type":"product","link":"https:\/\/fahazak.lemonfa.hu\/hu\/kerti-fahazak\/hazak-terasszal\/fahaz-sergej-600x600cm-150cm-terasz-45mm\/","title":{"rendered":"Fah\u00e1z Sergej 600x600cm, 1,5m terasz, 45mm"},"content":{"rendered":"<div data-elementor-type=\"wp-post\" data-elementor-id=\"9255\" class=\"elementor elementor-9255\">\n\t\t\t\t\t\t\t\t\t<section class=\"wd-negative-gap elementor-section elementor-top-section elementor-element elementor-element-3f65920 elementor-section-boxed elementor-section-height-default elementor-section-height-default wd-section-disabled\" data-id=\"3f65920\" data-element_type=\"section\">\n\t\t\t\t\t\t<div class=\"elementor-container elementor-column-gap-default\">\n\t\t\t\t\t<div class=\"elementor-column elementor-col-100 elementor-top-column elementor-element elementor-element-6db0d99\" data-id=\"6db0d99\" data-element_type=\"column\">\n\t\t\t<div class=\"elementor-widget-wrap elementor-element-populated\">\n\t\t\t\t\t\t\t\t<div class=\"elementor-element elementor-element-54792bf elementor-widget elementor-widget-wd_text_block\" data-id=\"54792bf\" data-element_type=\"widget\" data-widget_type=\"wd_text_block.default\">\n\t\t\t\t<div class=\"elementor-widget-container\">\n\t\t\t\t\t<div class=\"wd-text-block reset-last-child text-left\">\n\t\t\t\n\t\t\t<p><strong>A nyaral\u00f3 \u00e1ra tartalmazza:\u00a0<\/strong><\/p><ul><li>oldalfalak (45mm)<\/li><li>bels\u0151 falak<\/li><li>tet\u0151 perfor\u00e1ci\u00f3ja<\/li><li>tet\u0151szerkezet<\/li><li>padl\u00f3 - csemp\u00e9zett padl\u00f3<\/li><li>terasz (600 x 150cm)<\/li><li>impregn\u00e1lt aljzatpr\u00edzisek<\/li><li>3x ajt\u00f3 + kilincsek + szerelv\u00e9nyek<\/li><li>6x ablak - v\u00e1kuum, dupla \u00fcvegez\u00e9s<\/li><li>Cottage fest\u00e9k (18l)<\/li><\/ul>\n\t\t\t\t\t<\/div>\n\t\t\t\t<\/div>\n\t\t\t\t<\/div>\n\t\t\t\t\t<\/div>\n\t\t<\/div>\n\t\t\t\t\t\t\t<\/div>\n\t\t<\/section>\n\t\t\t\t\t\t\t<\/div>","protected":false},"excerpt":{"rendered":"<p>Teljes k\u00f6r\u0171 szabadid\u0151s lakhat\u00e1st k\u00edn\u00e1lnak a t\u00f6bbi\u00a0<strong><a href=\"https:\/\/fahazak.lemonfa.hu\/hu\/zahradne-chatky\/\">kerti h\u00e1zik\u00f3<\/a> Sergej 600x600cm, 1,5m-es terasszal \u00e9s 45mm-es falvastags\u00e1ggal, <\/strong>. A k\u00f6vetkez\u0151kb\u0151l \u00e1ll\u00a0<strong>3 k\u00fcl\u00f6n\u00e1ll\u00f3 szoba<\/strong>\u00a0a\u00a0<a href=\"https:\/\/www.tatranskyprofil.sk\/terasove-dosky\/\" target=\"_blank\" rel=\"noopener\"><strong>t\u00e1gas terasz.<\/strong>\u00a0<\/a>A padl\u00f3 kiv\u00e1l\u00f3 min\u0151s\u00e9g\u0171\u00a0<strong><a href=\"https:\/\/www.tatranskyprofil.sk\/drevena-podlaha\/\" target=\"_blank\" rel=\"noopener\">Macskak\u00f6vek.<\/a><\/strong>\u00a0A kunyh\u00f3 fala 4,5 cm vastag. Az \u00e1r tartalmazza tov\u00e1bb\u00e1: 2x bels\u0151 ajt\u00f3, 1x bej\u00e1rati ajt\u00f3 \u00e9s 3x nyithat\u00f3 ablak. A kunyh\u00f3hoz red\u0151ny\u00f6k v\u00e1s\u00e1rl\u00e1s\u00e1ra is lehet\u0151s\u00e9get biztos\u00edtunk. <strong>B\u00f3nuszk\u00e9nt ingyenes fest\u00e9ket kap a h\u00e1zik\u00f3hoz.<\/strong><\/p>","protected":false},"featured_media":12608,"comment_status":"open","ping_status":"closed","template":"","meta":[],"product_cat":[656,128,78],"product_tag":[],"_links":{"self":[{"href":"https:\/\/fahazak.lemonfa.hu\/hu\/wp-json\/wp\/v2\/product\/9255"}],"collection":[{"href":"https:\/\/fahazak.lemonfa.hu\/hu\/wp-json\/wp\/v2\/product"}],"about":[{"href":"https:\/\/fahazak.lemonfa.hu\/hu\/wp-json\/wp\/v2\/types\/product"}],"replies":[{"embeddable":true,"href":"https:\/\/fahazak.lemonfa.hu\/hu\/wp-json\/wp\/v2\/comments?post=9255"}],"version-history":[{"count":6,"href":"https:\/\/fahazak.lemonfa.hu\/hu\/wp-json\/wp\/v2\/product\/9255\/revisions"}],"predecessor-version":[{"id":13128,"href":"https:\/\/fahazak.lemonfa.hu\/hu\/wp-json\/wp\/v2\/product\/9255\/revisions\/13128"}],"wp:featuredmedia":[{"embeddable":true,"href":"https:\/\/fahazak.lemonfa.hu\/hu\/wp-json\/wp\/v2\/media\/12608"}],"wp:attachment":[{"href":"https:\/\/fahazak.lemonfa.hu\/hu\/wp-json\/wp\/v2\/media?parent=9255"}],"wp:term":[{"taxonomy":"product_cat","embeddable":true,"href":"https:\/\/fahazak.lemonfa.hu\/hu\/wp-json\/wp\/v2\/product_cat?post=9255"},{"taxonomy":"product_tag","embeddable":true,"href":"https:\/\/fahazak.lemonfa.hu\/hu\/wp-json\/wp\/v2\/product_tag?post=9255"}],"curies":[{"name":"wp","href":"https:\/\/api.w.org\/{rel}","templated":true}]}}