{"id":9259,"date":"2023-05-02T20:50:58","date_gmt":"2023-05-02T18:50:58","guid":{"rendered":"https:\/\/fahazak.lemonfa.hu\/?post_type=product&#038;p=9259"},"modified":"2025-02-06T14:43:12","modified_gmt":"2025-02-06T13:43:12","slug":"fahaz-nikolas-355x294cm","status":"publish","type":"product","link":"https:\/\/fahazak.lemonfa.hu\/hu\/kerti-fahazak\/hazak-terasz-nelkul\/fahaz-nikolas-355x294cm\/","title":{"rendered":"Fah\u00e1z Nikolas 355x294cm"},"content":{"rendered":"<div data-elementor-type=\"wp-post\" data-elementor-id=\"9259\" class=\"elementor elementor-9259\">\n\t\t\t\t\t\t\t\t\t<section class=\"wd-negative-gap elementor-section elementor-top-section elementor-element elementor-element-3f65920 elementor-section-boxed elementor-section-height-default elementor-section-height-default wd-section-disabled\" data-id=\"3f65920\" data-element_type=\"section\">\n\t\t\t\t\t\t<div class=\"elementor-container elementor-column-gap-default\">\n\t\t\t\t\t<div class=\"elementor-column elementor-col-100 elementor-top-column elementor-element elementor-element-6db0d99\" data-id=\"6db0d99\" data-element_type=\"column\">\n\t\t\t<div class=\"elementor-widget-wrap elementor-element-populated\">\n\t\t\t\t\t\t\t\t<div class=\"elementor-element elementor-element-54792bf elementor-widget elementor-widget-wd_text_block\" data-id=\"54792bf\" data-element_type=\"widget\" data-widget_type=\"wd_text_block.default\">\n\t\t\t\t<div class=\"elementor-widget-container\">\n\t\t\t\t\t<div class=\"wd-text-block reset-last-child text-left\">\n\t\t\t\n\t\t\t<p><strong>A nyaral\u00f3 \u00e1ra tartalmazza:<\/strong><\/p><ul><li style=\"font-size: 16px;\">oldalfalak<\/li><li style=\"font-size: 16px;\">tet\u0151szerkezet<\/li><li style=\"font-size: 16px;\">tet\u0151 perfor\u00e1ci\u00f3ja<\/li><li style=\"font-size: 16px;\">padl\u00f3burkolat (perfor\u00e1lt padl\u00f3burkolat - macskak\u0151)<\/li><li style=\"font-size: 16px;\">impregn\u00e1lt aljzatpr\u00edzisek<\/li><li style=\"font-size: 16px;\">1x ajt\u00f3 \u00fcvegez\u00e9ssel + kilincs + szerelv\u00e9ny + ac\u00e9l k\u00fcsz\u00f6b<\/li><li style=\"font-size: 16px;\">1x ablak \u00fcvegez\u00e9ssel<\/li><\/ul><p><img decoding=\"async\" loading=\"lazy\" class=\"alignnone wp-image-11882 size-full\" src=\"https:\/\/fahazak.lemonfa.hu\/wp-content\/uploads\/2023\/03\/tech-info-28-40.jpg\" alt=\"\" width=\"800\" height=\"600\"><\/p>\n\t\t\t\t\t<\/div>\n\t\t\t\t<\/div>\n\t\t\t\t<\/div>\n\t\t\t\t\t<\/div>\n\t\t<\/div>\n\t\t\t\t\t\t\t<\/div>\n\t\t<\/section>\n\t\t\t\t\t\t\t<\/div>","protected":false},"excerpt":{"rendered":"<ul>\n<li>\n<h6>K\u00fcls\u0151 m\u00e9retek: 355 x 294 cm<\/h6>\n<\/li>\n<li>\n<h6>Falvastags\u00e1g: 28 mm<\/h6>\n<\/li>\n<li>\n<h6>Be\u00e9p\u00edtett ter\u00fclet: 9,2m\u00b2<\/h6>\n<\/li>\n<li><\/li>\n<\/ul>","protected":false},"featured_media":9412,"comment_status":"open","ping_status":"closed","template":"","meta":[],"product_cat":[127,656,121],"product_tag":[],"_links":{"self":[{"href":"https:\/\/fahazak.lemonfa.hu\/hu\/wp-json\/wp\/v2\/product\/9259"}],"collection":[{"href":"https:\/\/fahazak.lemonfa.hu\/hu\/wp-json\/wp\/v2\/product"}],"about":[{"href":"https:\/\/fahazak.lemonfa.hu\/hu\/wp-json\/wp\/v2\/types\/product"}],"replies":[{"embeddable":true,"href":"https:\/\/fahazak.lemonfa.hu\/hu\/wp-json\/wp\/v2\/comments?post=9259"}],"version-history":[{"count":6,"href":"https:\/\/fahazak.lemonfa.hu\/hu\/wp-json\/wp\/v2\/product\/9259\/revisions"}],"predecessor-version":[{"id":13102,"href":"https:\/\/fahazak.lemonfa.hu\/hu\/wp-json\/wp\/v2\/product\/9259\/revisions\/13102"}],"wp:featuredmedia":[{"embeddable":true,"href":"https:\/\/fahazak.lemonfa.hu\/hu\/wp-json\/wp\/v2\/media\/9412"}],"wp:attachment":[{"href":"https:\/\/fahazak.lemonfa.hu\/hu\/wp-json\/wp\/v2\/media?parent=9259"}],"wp:term":[{"taxonomy":"product_cat","embeddable":true,"href":"https:\/\/fahazak.lemonfa.hu\/hu\/wp-json\/wp\/v2\/product_cat?post=9259"},{"taxonomy":"product_tag","embeddable":true,"href":"https:\/\/fahazak.lemonfa.hu\/hu\/wp-json\/wp\/v2\/product_tag?post=9259"}],"curies":[{"name":"wp","href":"https:\/\/api.w.org\/{rel}","templated":true}]}}