{"id":9263,"date":"2023-05-02T20:53:28","date_gmt":"2023-05-02T18:53:28","guid":{"rendered":"https:\/\/fahazak.lemonfa.hu\/?post_type=product&#038;p=9263"},"modified":"2025-02-06T14:42:07","modified_gmt":"2025-02-06T13:42:07","slug":"fahaz-alan-355x294cm","status":"publish","type":"product","link":"https:\/\/fahazak.lemonfa.hu\/hu\/kerti-fahazak\/hazak-terasz-nelkul\/fahaz-alan-355x294cm\/","title":{"rendered":"Fah\u00e1z Alan 355x294cm"},"content":{"rendered":"<div data-elementor-type=\"wp-post\" data-elementor-id=\"9263\" class=\"elementor elementor-9263\">\n\t\t\t\t\t\t\t\t\t<section class=\"wd-negative-gap elementor-section elementor-top-section elementor-element elementor-element-3f65920 elementor-section-boxed elementor-section-height-default elementor-section-height-default wd-section-disabled\" data-id=\"3f65920\" data-element_type=\"section\">\n\t\t\t\t\t\t<div class=\"elementor-container elementor-column-gap-default\">\n\t\t\t\t\t<div class=\"elementor-column elementor-col-100 elementor-top-column elementor-element elementor-element-6db0d99\" data-id=\"6db0d99\" data-element_type=\"column\">\n\t\t\t<div class=\"elementor-widget-wrap elementor-element-populated\">\n\t\t\t\t\t\t\t\t<div class=\"elementor-element elementor-element-54792bf elementor-widget elementor-widget-wd_text_block\" data-id=\"54792bf\" data-element_type=\"widget\" data-widget_type=\"wd_text_block.default\">\n\t\t\t\t<div class=\"elementor-widget-container\">\n\t\t\t\t\t<div class=\"wd-text-block reset-last-child text-left\">\n\t\t\t\n\t\t\t<p><strong>A nyaral\u00f3 \u00e1ra tartalmazza:<\/strong><\/p><ul><li>oldalfalak<\/li><li>tet\u0151szerkezet<\/li><li>tet\u0151 perfor\u00e1ci\u00f3ja<\/li><li>padl\u00f3burkolat (perfor\u00e1lt padl\u00f3burkolat - macskak\u0151)<\/li><li>impregn\u00e1lt aljzatpr\u00edzisek<\/li><li>1x ajt\u00f3 \u00fcvegez\u00e9ssel + kilincs + szerelv\u00e9ny + ac\u00e9l k\u00fcsz\u00f6b<\/li><li>1x ablak \u00fcvegez\u00e9ssel (teljesen nyithat\u00f3 \u00e9s szell\u0151z\u0151)<\/li><\/ul><p><img decoding=\"async\" loading=\"lazy\" class=\"alignnone size-full wp-image-11882\" src=\"https:\/\/fahazak.lemonfa.hu\/wp-content\/uploads\/2023\/03\/tech-info-28-40.jpg\" alt=\"\" width=\"800\" height=\"600\"><\/p><p><img decoding=\"async\" loading=\"lazy\" class=\"alignnone wp-image-11881\" src=\"https:\/\/fahazak.lemonfa.hu\/wp-content\/uploads\/2023\/03\/dvere-okna-chatky-28.jpg\" alt=\"\" width=\"600\" height=\"450\"><\/p>\n\t\t\t\t\t<\/div>\n\t\t\t\t<\/div>\n\t\t\t\t<\/div>\n\t\t\t\t\t<\/div>\n\t\t<\/div>\n\t\t\t\t\t\t\t<\/div>\n\t\t<\/section>\n\t\t\t\t\t\t\t<\/div>","protected":false},"excerpt":{"rendered":"<p>Az Alan kerti h\u00e1z sz\u00e9p \u00e9s funkcion\u00e1lis kieg\u00e9sz\u00edt\u0151je a kerti t\u00e9rnek. Egy nagy, k\u00e9tajt\u00f3s bels\u0151 helyis\u00e9get tartalmaz, amely b\u0151s\u00e9ges helyet biztos\u00edt a k\u00fcl\u00f6nb\u00f6z\u0151 tev\u00e9kenys\u00e9gekhez vagy a szersz\u00e1mok t\u00e1rol\u00e1s\u00e1hoz. Mivel nincs terasza, alkalmas azok sz\u00e1m\u00e1ra, akik a belt\u00e9ri pihen\u00e9st \u00e9s kikapcsol\u00f3d\u00e1st r\u00e9szes\u00edtik el\u0151nyben. A 28 mm falvastags\u00e1ggal rendelkez\u0151 min\u0151s\u00e9gi fa\u00e9p\u00edtm\u00e9nye biztos\u00edtja az id\u0151j\u00e1r\u00e1s\u00e1ll\u00f3s\u00e1got \u00e9s a hossz\u00fa \u00e9lettartamot.<\/p>","protected":false},"featured_media":9417,"comment_status":"open","ping_status":"closed","template":"","meta":[],"product_cat":[127,656,121],"product_tag":[],"_links":{"self":[{"href":"https:\/\/fahazak.lemonfa.hu\/hu\/wp-json\/wp\/v2\/product\/9263"}],"collection":[{"href":"https:\/\/fahazak.lemonfa.hu\/hu\/wp-json\/wp\/v2\/product"}],"about":[{"href":"https:\/\/fahazak.lemonfa.hu\/hu\/wp-json\/wp\/v2\/types\/product"}],"replies":[{"embeddable":true,"href":"https:\/\/fahazak.lemonfa.hu\/hu\/wp-json\/wp\/v2\/comments?post=9263"}],"version-history":[{"count":6,"href":"https:\/\/fahazak.lemonfa.hu\/hu\/wp-json\/wp\/v2\/product\/9263\/revisions"}],"predecessor-version":[{"id":13100,"href":"https:\/\/fahazak.lemonfa.hu\/hu\/wp-json\/wp\/v2\/product\/9263\/revisions\/13100"}],"wp:featuredmedia":[{"embeddable":true,"href":"https:\/\/fahazak.lemonfa.hu\/hu\/wp-json\/wp\/v2\/media\/9417"}],"wp:attachment":[{"href":"https:\/\/fahazak.lemonfa.hu\/hu\/wp-json\/wp\/v2\/media?parent=9263"}],"wp:term":[{"taxonomy":"product_cat","embeddable":true,"href":"https:\/\/fahazak.lemonfa.hu\/hu\/wp-json\/wp\/v2\/product_cat?post=9263"},{"taxonomy":"product_tag","embeddable":true,"href":"https:\/\/fahazak.lemonfa.hu\/hu\/wp-json\/wp\/v2\/product_tag?post=9263"}],"curies":[{"name":"wp","href":"https:\/\/api.w.org\/{rel}","templated":true}]}}