{"id":9267,"date":"2023-05-02T20:56:00","date_gmt":"2023-05-02T18:56:00","guid":{"rendered":"https:\/\/fahazak.lemonfa.hu\/?post_type=product&#038;p=9267"},"modified":"2025-02-06T14:41:10","modified_gmt":"2025-02-06T13:41:10","slug":"fahaz-sara-320x320cm","status":"publish","type":"product","link":"https:\/\/fahazak.lemonfa.hu\/hu\/kerti-fahazak\/hazak-terasz-nelkul\/fahaz-sara-320x320cm\/","title":{"rendered":"Fah\u00e1z S\u00e1ra 320x320cm"},"content":{"rendered":"<div data-elementor-type=\"wp-post\" data-elementor-id=\"9267\" class=\"elementor elementor-9267\">\n\t\t\t\t\t\t\t\t\t<section class=\"wd-negative-gap elementor-section elementor-top-section elementor-element elementor-element-3f65920 elementor-section-boxed elementor-section-height-default elementor-section-height-default wd-section-disabled\" data-id=\"3f65920\" data-element_type=\"section\">\n\t\t\t\t\t\t<div class=\"elementor-container elementor-column-gap-default\">\n\t\t\t\t\t<div class=\"elementor-column elementor-col-100 elementor-top-column elementor-element elementor-element-6db0d99\" data-id=\"6db0d99\" data-element_type=\"column\">\n\t\t\t<div class=\"elementor-widget-wrap elementor-element-populated\">\n\t\t\t\t\t\t\t\t<div class=\"elementor-element elementor-element-54792bf elementor-widget elementor-widget-wd_text_block\" data-id=\"54792bf\" data-element_type=\"widget\" data-widget_type=\"wd_text_block.default\">\n\t\t\t\t<div class=\"elementor-widget-container\">\n\t\t\t\t\t<div class=\"wd-text-block reset-last-child text-left\">\n\t\t\t\n\t\t\t<p><strong>A h\u00e1z \u00e1ra Sara tartalmazza:<\/strong><\/p><ul><li>oldalfalak<\/li><li>tet\u0151szerkezet<\/li><li>tet\u0151 perfor\u00e1ci\u00f3ja<\/li><li>padl\u00f3burkolat (perfor\u00e1lt padl\u00f3burkolat - macskak\u0151)<\/li><li>impregn\u00e1lt aljzatpr\u00edzisek<\/li><li>1x ajt\u00f3 dupla \u00fcvegez\u00e9ssel + kilincs + szerelv\u00e9nyek + ac\u00e9l k\u00fcsz\u00f6b (dupla \u00fcvegez\u00e9s)<\/li><li>1x dupla \u00fcvegez\u00e9s\u0171 ablak (dupla \u00fcvegez\u00e9s\u0171, teljesen nyithat\u00f3 \u00e9s szell\u0151z\u0151)<\/li><\/ul><p><img decoding=\"async\" loading=\"lazy\" class=\"alignnone size-full wp-image-11914\" src=\"https:\/\/fahazak.lemonfa.hu\/wp-content\/uploads\/2023\/03\/tech-info-28-40-2.jpg\" alt=\"\" width=\"800\" height=\"600\"><\/p><p><img decoding=\"async\" loading=\"lazy\" class=\"alignnone size-full wp-image-12001\" src=\"https:\/\/fahazak.lemonfa.hu\/wp-content\/uploads\/2023\/03\/dvojsklo-40mm-chatky-1.jpg\" alt=\"\" width=\"800\" height=\"600\"><\/p>\n\t\t\t\t\t<\/div>\n\t\t\t\t<\/div>\n\t\t\t\t<\/div>\n\t\t\t\t\t<\/div>\n\t\t<\/div>\n\t\t\t\t\t\t\t<\/div>\n\t\t<\/section>\n\t\t\t\t\t\t\t<\/div>","protected":false},"excerpt":{"rendered":"<ul>\n<li>\n<h6>K\u00fcls\u0151 m\u00e9retek: 320 x 320 cm<\/h6>\n<\/li>\n<li>\n<h6>Falvastags\u00e1g: 40 mm<\/h6>\n<\/li>\n<li>\n<h6>Be\u00e9p\u00edtett ter\u00fclet: 9m\u00b2<\/h6>\n<\/li>\n<\/ul>","protected":false},"featured_media":9426,"comment_status":"open","ping_status":"closed","template":"","meta":[],"product_cat":[656,128,121],"product_tag":[],"_links":{"self":[{"href":"https:\/\/fahazak.lemonfa.hu\/hu\/wp-json\/wp\/v2\/product\/9267"}],"collection":[{"href":"https:\/\/fahazak.lemonfa.hu\/hu\/wp-json\/wp\/v2\/product"}],"about":[{"href":"https:\/\/fahazak.lemonfa.hu\/hu\/wp-json\/wp\/v2\/types\/product"}],"replies":[{"embeddable":true,"href":"https:\/\/fahazak.lemonfa.hu\/hu\/wp-json\/wp\/v2\/comments?post=9267"}],"version-history":[{"count":6,"href":"https:\/\/fahazak.lemonfa.hu\/hu\/wp-json\/wp\/v2\/product\/9267\/revisions"}],"predecessor-version":[{"id":13098,"href":"https:\/\/fahazak.lemonfa.hu\/hu\/wp-json\/wp\/v2\/product\/9267\/revisions\/13098"}],"wp:featuredmedia":[{"embeddable":true,"href":"https:\/\/fahazak.lemonfa.hu\/hu\/wp-json\/wp\/v2\/media\/9426"}],"wp:attachment":[{"href":"https:\/\/fahazak.lemonfa.hu\/hu\/wp-json\/wp\/v2\/media?parent=9267"}],"wp:term":[{"taxonomy":"product_cat","embeddable":true,"href":"https:\/\/fahazak.lemonfa.hu\/hu\/wp-json\/wp\/v2\/product_cat?post=9267"},{"taxonomy":"product_tag","embeddable":true,"href":"https:\/\/fahazak.lemonfa.hu\/hu\/wp-json\/wp\/v2\/product_tag?post=9267"}],"curies":[{"name":"wp","href":"https:\/\/api.w.org\/{rel}","templated":true}]}}