{"id":9271,"date":"2023-05-02T20:59:48","date_gmt":"2023-05-02T18:59:48","guid":{"rendered":"https:\/\/fahazak.lemonfa.hu\/?post_type=product&#038;p=9271"},"modified":"2025-02-06T14:40:07","modified_gmt":"2025-02-06T13:40:07","slug":"fahaz-belo-500x400cm","status":"publish","type":"product","link":"https:\/\/fahazak.lemonfa.hu\/hu\/kerti-fahazak\/hazak-terasz-nelkul\/fahaz-belo-500x400cm\/","title":{"rendered":"Fah\u00e1z Belo 500x400cm"},"content":{"rendered":"<div data-elementor-type=\"wp-post\" data-elementor-id=\"9271\" class=\"elementor elementor-9271\">\n\t\t\t\t\t\t\t\t\t<section class=\"wd-negative-gap elementor-section elementor-top-section elementor-element elementor-element-3f65920 elementor-section-boxed elementor-section-height-default elementor-section-height-default wd-section-disabled\" data-id=\"3f65920\" data-element_type=\"section\">\n\t\t\t\t\t\t<div class=\"elementor-container elementor-column-gap-default\">\n\t\t\t\t\t<div class=\"elementor-column elementor-col-100 elementor-top-column elementor-element elementor-element-6db0d99\" data-id=\"6db0d99\" data-element_type=\"column\">\n\t\t\t<div class=\"elementor-widget-wrap elementor-element-populated\">\n\t\t\t\t\t\t\t\t<div class=\"elementor-element elementor-element-54792bf elementor-widget elementor-widget-wd_text_block\" data-id=\"54792bf\" data-element_type=\"widget\" data-widget_type=\"wd_text_block.default\">\n\t\t\t\t<div class=\"elementor-widget-container\">\n\t\t\t\t\t<div class=\"wd-text-block reset-last-child text-left\">\n\t\t\t\n\t\t\t<p><strong>A nyaral\u00f3 \u00e1ra tartalmazza:<\/strong><\/p><ul><li>oldalfalak<\/li><li>tet\u0151szerkezet<\/li><li>tet\u0151 perfor\u00e1ci\u00f3ja<\/li><li>padl\u00f3burkolat (perfor\u00e1lt padl\u00f3burkolat - macskak\u0151)<\/li><li>impregn\u00e1lt aljzatpr\u00edzisek<\/li><li>1x ajt\u00f3 \u00fcvegez\u00e9ssel + kilincs + szerelv\u00e9ny + ac\u00e9l k\u00fcsz\u00f6b<\/li><li>2x ablak \u00fcvegez\u00e9ssel (teljesen nyithat\u00f3 \u00e9s szell\u0151z\u0151)<\/li><\/ul><p><img decoding=\"async\" loading=\"lazy\" class=\"wp-image-11914 alignright\" src=\"https:\/\/fahazak.lemonfa.hu\/wp-content\/uploads\/2023\/03\/tech-info-28-40-2.jpg\" alt=\"\" width=\"536\" height=\"402\"><\/p><p><img decoding=\"async\" loading=\"lazy\" class=\"wp-image-11913 alignleft\" src=\"https:\/\/fahazak.lemonfa.hu\/wp-content\/uploads\/2023\/03\/dvere-okna-chatky-28-1.jpg\" alt=\"\" width=\"532\" height=\"399\"><\/p>\n\t\t\t\t\t<\/div>\n\t\t\t\t<\/div>\n\t\t\t\t<\/div>\n\t\t\t\t\t<\/div>\n\t\t<\/div>\n\t\t\t\t\t\t\t<\/div>\n\t\t<\/section>\n\t\t\t\t\t\t\t<\/div>","protected":false},"excerpt":{"rendered":"<p>A Belo f\u00e1b\u00f3l k\u00e9sz\u00fclt kerti h\u00e1z 500\u00d7400 cm-es m\u00e9retekkel egy st\u00edlusos \u00e9s praktikus h\u00e1z, amely alkalmas az \u00d6n kertj\u00e9be. M\u00e9retei b\u0151s\u00e9ges helyet biztos\u00edtanak k\u00fcl\u00f6nb\u00f6z\u0151 tev\u00e9kenys\u00e9gekhez, p\u00e9ld\u00e1ul kerti szersz\u00e1mok\/kert\u00e9szeti b\u00fatorok t\u00e1rol\u00e1s\u00e1hoz, vagy haszn\u00e1lhatja m\u0171teremk\u00e9nt, pihen\u0151helyk\u00e9nt vagy gyermekj\u00e1tsz\u00f3szobak\u00e9nt. A Belo h\u00e1z falai 28 mm vastagok. Ez a vastags\u00e1g elegend\u0151 szigetel\u00e9st \u00e9s szil\u00e1rds\u00e1got biztos\u00edt. A 28 mm vastag falvastags\u00e1g\u00fa h\u00e1zak gyakoriak, \u00e9s ide\u00e1lisak a melegebb h\u00f3napokban t\u00f6rt\u00e9n\u0151 haszn\u00e1latra. A Belo fah\u00e1z kiv\u00e1l\u00f3 min\u0151s\u00e9g\u0171 f\u00e1b\u00f3l k\u00e9sz\u00fclt, amely id\u0151j\u00e1r\u00e1s\u00e1ll\u00f3 \u00e9s tart\u00f3s. A Belo fah\u00e1z klasszikus \u00e9s eleg\u00e1ns diz\u00e1jnnal rendelkezik, amely k\u00f6nnyen illeszkedik b\u00e1rmilyen k\u00f6rnyezetbe. Egyetlen bej\u00e1rati ajt\u00f3val rendelkezik, amely k\u00f6nny\u0171 hozz\u00e1f\u00e9r\u00e9st biztos\u00edt, \u00e9s ablakokkal, amelyek b\u0151s\u00e9ges napf\u00e9nyt biztos\u00edtanak.<\/p>","protected":false},"featured_media":9439,"comment_status":"open","ping_status":"closed","template":"","meta":[],"product_cat":[127,656,121],"product_tag":[],"_links":{"self":[{"href":"https:\/\/fahazak.lemonfa.hu\/hu\/wp-json\/wp\/v2\/product\/9271"}],"collection":[{"href":"https:\/\/fahazak.lemonfa.hu\/hu\/wp-json\/wp\/v2\/product"}],"about":[{"href":"https:\/\/fahazak.lemonfa.hu\/hu\/wp-json\/wp\/v2\/types\/product"}],"replies":[{"embeddable":true,"href":"https:\/\/fahazak.lemonfa.hu\/hu\/wp-json\/wp\/v2\/comments?post=9271"}],"version-history":[{"count":6,"href":"https:\/\/fahazak.lemonfa.hu\/hu\/wp-json\/wp\/v2\/product\/9271\/revisions"}],"predecessor-version":[{"id":13096,"href":"https:\/\/fahazak.lemonfa.hu\/hu\/wp-json\/wp\/v2\/product\/9271\/revisions\/13096"}],"wp:featuredmedia":[{"embeddable":true,"href":"https:\/\/fahazak.lemonfa.hu\/hu\/wp-json\/wp\/v2\/media\/9439"}],"wp:attachment":[{"href":"https:\/\/fahazak.lemonfa.hu\/hu\/wp-json\/wp\/v2\/media?parent=9271"}],"wp:term":[{"taxonomy":"product_cat","embeddable":true,"href":"https:\/\/fahazak.lemonfa.hu\/hu\/wp-json\/wp\/v2\/product_cat?post=9271"},{"taxonomy":"product_tag","embeddable":true,"href":"https:\/\/fahazak.lemonfa.hu\/hu\/wp-json\/wp\/v2\/product_tag?post=9271"}],"curies":[{"name":"wp","href":"https:\/\/api.w.org\/{rel}","templated":true}]}}