{"id":9283,"date":"2023-05-02T21:05:57","date_gmt":"2023-05-02T19:05:57","guid":{"rendered":"https:\/\/fahazak.lemonfa.hu\/?post_type=product&#038;p=9283"},"modified":"2025-02-06T14:37:16","modified_gmt":"2025-02-06T13:37:16","slug":"fahaz-klara-400x445cm","status":"publish","type":"product","link":"https:\/\/fahazak.lemonfa.hu\/hu\/kerti-fahazak\/hazak-terasz-nelkul\/fahaz-klara-400x445cm\/","title":{"rendered":"Fah\u00e1z Kl\u00e1ra 400x445cm"},"content":{"rendered":"<div data-elementor-type=\"wp-post\" data-elementor-id=\"9283\" class=\"elementor elementor-9283\">\n\t\t\t\t\t\t\t\t\t<section class=\"wd-negative-gap elementor-section elementor-top-section elementor-element elementor-element-3f65920 elementor-section-boxed elementor-section-height-default elementor-section-height-default wd-section-disabled\" data-id=\"3f65920\" data-element_type=\"section\">\n\t\t\t\t\t\t<div class=\"elementor-container elementor-column-gap-default\">\n\t\t\t\t\t<div class=\"elementor-column elementor-col-100 elementor-top-column elementor-element elementor-element-6db0d99\" data-id=\"6db0d99\" data-element_type=\"column\">\n\t\t\t<div class=\"elementor-widget-wrap elementor-element-populated\">\n\t\t\t\t\t\t\t\t<div class=\"elementor-element elementor-element-54792bf elementor-widget elementor-widget-wd_text_block\" data-id=\"54792bf\" data-element_type=\"widget\" data-widget_type=\"wd_text_block.default\">\n\t\t\t\t<div class=\"elementor-widget-container\">\n\t\t\t\t\t<div class=\"wd-text-block reset-last-child text-left\">\n\t\t\t\n\t\t\t<p><strong>A nyaral\u00f3 \u00e1ra tartalmazza:\u00a0<\/strong><\/p><ul><li>oldalfalak (45 mm vastag)<\/li><li>tet\u0151 perfor\u00e1ci\u00f3ja\u00a0<\/li><li>tet\u0151szerkezet<\/li><li>padl\u00f3 - csemp\u00e9zett padl\u00f3<\/li><li>impregn\u00e1lt aljzatpr\u00edzisek<\/li><li>1x ajt\u00f3 (80x191cm) + kilincs + szerelv\u00e9nyek<\/li><li>2x ablak (77x99cm)<\/li><\/ul>\n\t\t\t\t\t<\/div>\n\t\t\t\t<\/div>\n\t\t\t\t<\/div>\n\t\t\t\t\t<\/div>\n\t\t<\/div>\n\t\t\t\t\t\t\t<\/div>\n\t\t<\/section>\n\t\t\t\t\t\t\t<\/div>","protected":false},"excerpt":{"rendered":"<p><strong>Klara nyaral\u00f3<\/strong>\u00a0dimenzi\u00f3val\u00a0<strong>400 x 445cm<\/strong>\u00a0kiemelkedik, mert egyes\u00edti a\u00a0<strong><a href=\"https:\/\/fahazak.lemonfa.hu\/hu\/domceky-na-naradie\/\" target=\"_blank\" rel=\"noopener\">kertes h\u00e1z<\/a><\/strong>\u00a0a\u00a0<a href=\"https:\/\/fahazak.lemonfa.hu\/hu\/zahradne-chatky\/\" target=\"_blank\" rel=\"noopener\"><strong>fah\u00e1z<\/strong><\/a>. J\u00e1t\u00e9kosan haszn\u00e1lhat\u00f3 ny\u00e1ri konyhak\u00e9nt, vend\u00e9gh\u00e1zk\u00e9nt, kerti irodak\u00e9nt vagy a d\u00e9lut\u00e1ni kerti pihen\u00e9s helysz\u00edn\u00e9\u00fcl. A padl\u00f3 kiv\u00e1l\u00f3 min\u0151s\u00e9g\u0171 csemp\u00e9b\u0151l k\u00e9sz\u00fclt. A Klara fah\u00e1zik\u00f3 a k\u00f6vetkez\u0151 anyagokb\u00f3l k\u00e9sz\u00fclt\u00a0<strong>extra vastag falak<\/strong>\u00a0(4,5 cm). Az \u00e1r tartalmazza tov\u00e1bb\u00e1: 1x ajt\u00f3 (80x191cm), 2x ablak (77x99cm). Lehet\u0151s\u00e9get k\u00edn\u00e1lunk red\u0151ny\u00f6k v\u00e1s\u00e1rl\u00e1s\u00e1ra is.<\/p>","protected":false},"featured_media":9458,"comment_status":"open","ping_status":"closed","template":"","meta":[],"product_cat":[656,128,121],"product_tag":[],"_links":{"self":[{"href":"https:\/\/fahazak.lemonfa.hu\/hu\/wp-json\/wp\/v2\/product\/9283"}],"collection":[{"href":"https:\/\/fahazak.lemonfa.hu\/hu\/wp-json\/wp\/v2\/product"}],"about":[{"href":"https:\/\/fahazak.lemonfa.hu\/hu\/wp-json\/wp\/v2\/types\/product"}],"replies":[{"embeddable":true,"href":"https:\/\/fahazak.lemonfa.hu\/hu\/wp-json\/wp\/v2\/comments?post=9283"}],"version-history":[{"count":6,"href":"https:\/\/fahazak.lemonfa.hu\/hu\/wp-json\/wp\/v2\/product\/9283\/revisions"}],"predecessor-version":[{"id":13090,"href":"https:\/\/fahazak.lemonfa.hu\/hu\/wp-json\/wp\/v2\/product\/9283\/revisions\/13090"}],"wp:featuredmedia":[{"embeddable":true,"href":"https:\/\/fahazak.lemonfa.hu\/hu\/wp-json\/wp\/v2\/media\/9458"}],"wp:attachment":[{"href":"https:\/\/fahazak.lemonfa.hu\/hu\/wp-json\/wp\/v2\/media?parent=9283"}],"wp:term":[{"taxonomy":"product_cat","embeddable":true,"href":"https:\/\/fahazak.lemonfa.hu\/hu\/wp-json\/wp\/v2\/product_cat?post=9283"},{"taxonomy":"product_tag","embeddable":true,"href":"https:\/\/fahazak.lemonfa.hu\/hu\/wp-json\/wp\/v2\/product_tag?post=9283"}],"curies":[{"name":"wp","href":"https:\/\/api.w.org\/{rel}","templated":true}]}}