{"id":9354,"date":"2023-05-04T20:00:39","date_gmt":"2023-05-04T18:00:39","guid":{"rendered":"https:\/\/fahazak.lemonfa.hu\/?post_type=product&#038;p=9354"},"modified":"2025-02-06T14:35:44","modified_gmt":"2025-02-06T13:35:44","slug":"fahaz-kristina-500x380cm","status":"publish","type":"product","link":"https:\/\/fahazak.lemonfa.hu\/hu\/kerti-fahazak\/hazak-terasz-nelkul\/fahaz-kristina-500x380cm\/","title":{"rendered":"Fah\u00e1z Krist\u00edna 500x380cm"},"content":{"rendered":"<div data-elementor-type=\"wp-post\" data-elementor-id=\"9354\" class=\"elementor elementor-9354\">\n\t\t\t\t\t\t\t\t\t<section class=\"wd-negative-gap elementor-section elementor-top-section elementor-element elementor-element-3f65920 elementor-section-boxed elementor-section-height-default elementor-section-height-default wd-section-disabled\" data-id=\"3f65920\" data-element_type=\"section\">\n\t\t\t\t\t\t<div class=\"elementor-container elementor-column-gap-default\">\n\t\t\t\t\t<div class=\"elementor-column elementor-col-100 elementor-top-column elementor-element elementor-element-6db0d99\" data-id=\"6db0d99\" data-element_type=\"column\">\n\t\t\t<div class=\"elementor-widget-wrap elementor-element-populated\">\n\t\t\t\t\t\t\t\t<div class=\"elementor-element elementor-element-54792bf elementor-widget elementor-widget-wd_text_block\" data-id=\"54792bf\" data-element_type=\"widget\" data-widget_type=\"wd_text_block.default\">\n\t\t\t\t<div class=\"elementor-widget-container\">\n\t\t\t\t\t<div class=\"wd-text-block reset-last-child text-left\">\n\t\t\t\n\t\t\tA nyaral\u00f3 \u00e1ra tartalmazza:\n<ul>\n \t<li>oldalfalak (44mm)<\/li>\n \t<li>tet\u0151 perfor\u00e1ci\u00f3ja<\/li>\n \t<li>tet\u0151szerkezet<\/li>\n \t<li>padl\u00f3 - csemp\u00e9zett padl\u00f3<\/li>\n \t<li>impregn\u00e1lt aljzatpr\u00edzisek<\/li>\n \t<li>1x ajt\u00f3 (143x196cm) + kilincs + szerelv\u00e9nyek<\/li>\n \t<li>2x ablak (52x190cm)<\/li>\n<\/ul>\n\t\t\t\t\t<\/div>\n\t\t\t\t<\/div>\n\t\t\t\t<\/div>\n\t\t\t\t\t<\/div>\n\t\t<\/div>\n\t\t\t\t\t\t\t<\/div>\n\t\t<\/section>\n\t\t\t\t\t\t\t<\/div>","protected":false},"excerpt":{"rendered":"<p>K\u00fcls\u0151 m\u00e9retek: 500 x 380cm<br \/>\nFalvastags\u00e1g: 44mm<br \/>\nBe\u00e9p\u00edtett ter\u00fclet: 17,2m\u00b2<br \/>\nA francia ablakok, a faragott tet\u0151 \u00e9s a kiv\u00e9teles kialak\u00edt\u00e1s a Christina kerti kunyh\u00f3t (500 x 380 cm) minden kert kihagyhatatlan elem\u00e9v\u00e9 teszi. A padl\u00f3 kiv\u00e1l\u00f3 min\u0151s\u00e9g\u0171 j\u00e1r\u00f3lapb\u00f3l k\u00e9sz\u00fclt. Falvastags\u00e1g - 4,4 cm. A fel\u00e1r tartalmazza: 1x ajt\u00f3(143x196cm), 2x ablak (52\u00d7190 cm). A h\u00e1zik\u00f3hoz red\u0151ny\u00f6k v\u00e1s\u00e1rl\u00e1s\u00e1ra is lehet\u0151s\u00e9get biztos\u00edtunk.<\/p>","protected":false},"featured_media":9472,"comment_status":"open","ping_status":"closed","template":"","meta":[],"product_cat":[656,121],"product_tag":[],"_links":{"self":[{"href":"https:\/\/fahazak.lemonfa.hu\/hu\/wp-json\/wp\/v2\/product\/9354"}],"collection":[{"href":"https:\/\/fahazak.lemonfa.hu\/hu\/wp-json\/wp\/v2\/product"}],"about":[{"href":"https:\/\/fahazak.lemonfa.hu\/hu\/wp-json\/wp\/v2\/types\/product"}],"replies":[{"embeddable":true,"href":"https:\/\/fahazak.lemonfa.hu\/hu\/wp-json\/wp\/v2\/comments?post=9354"}],"version-history":[{"count":6,"href":"https:\/\/fahazak.lemonfa.hu\/hu\/wp-json\/wp\/v2\/product\/9354\/revisions"}],"predecessor-version":[{"id":13087,"href":"https:\/\/fahazak.lemonfa.hu\/hu\/wp-json\/wp\/v2\/product\/9354\/revisions\/13087"}],"wp:featuredmedia":[{"embeddable":true,"href":"https:\/\/fahazak.lemonfa.hu\/hu\/wp-json\/wp\/v2\/media\/9472"}],"wp:attachment":[{"href":"https:\/\/fahazak.lemonfa.hu\/hu\/wp-json\/wp\/v2\/media?parent=9354"}],"wp:term":[{"taxonomy":"product_cat","embeddable":true,"href":"https:\/\/fahazak.lemonfa.hu\/hu\/wp-json\/wp\/v2\/product_cat?post=9354"},{"taxonomy":"product_tag","embeddable":true,"href":"https:\/\/fahazak.lemonfa.hu\/hu\/wp-json\/wp\/v2\/product_tag?post=9354"}],"curies":[{"name":"wp","href":"https:\/\/api.w.org\/{rel}","templated":true}]}}