{"id":9356,"date":"2023-05-04T20:01:58","date_gmt":"2023-05-04T18:01:58","guid":{"rendered":"https:\/\/fahazak.lemonfa.hu\/?post_type=product&#038;p=9356"},"modified":"2025-02-06T14:35:14","modified_gmt":"2025-02-06T13:35:14","slug":"fahaz-erika-d-500x500cm","status":"publish","type":"product","link":"https:\/\/fahazak.lemonfa.hu\/hu\/kerti-fahazak\/hazak-terasz-nelkul\/fahaz-erika-d-500x500cm\/","title":{"rendered":"Fah\u00e1z Erika D 500x500cm"},"content":{"rendered":"<div data-elementor-type=\"wp-post\" data-elementor-id=\"9356\" class=\"elementor elementor-9356\">\n\t\t\t\t\t\t\t\t\t<section class=\"wd-negative-gap elementor-section elementor-top-section elementor-element elementor-element-3f65920 elementor-section-boxed elementor-section-height-default elementor-section-height-default wd-section-disabled\" data-id=\"3f65920\" data-element_type=\"section\">\n\t\t\t\t\t\t<div class=\"elementor-container elementor-column-gap-default\">\n\t\t\t\t\t<div class=\"elementor-column elementor-col-100 elementor-top-column elementor-element elementor-element-6db0d99\" data-id=\"6db0d99\" data-element_type=\"column\">\n\t\t\t<div class=\"elementor-widget-wrap elementor-element-populated\">\n\t\t\t\t\t\t\t\t<div class=\"elementor-element elementor-element-54792bf elementor-widget elementor-widget-wd_text_block\" data-id=\"54792bf\" data-element_type=\"widget\" data-widget_type=\"wd_text_block.default\">\n\t\t\t\t<div class=\"elementor-widget-container\">\n\t\t\t\t\t<div class=\"wd-text-block reset-last-child text-left\">\n\t\t\t\n\t\t\tA nyaral\u00f3 \u00e1ra tartalmazza:\n<ul>\n \t<li>oldalfalak<\/li>\n \t<li>tet\u0151szerkezet<\/li>\n \t<li>tet\u0151 perfor\u00e1ci\u00f3ja<\/li>\n \t<li>padl\u00f3burkolat (perfor\u00e1lt padl\u00f3burkolat - macskak\u0151)<\/li>\n \t<li>impregn\u00e1lt aljzatpr\u00edzisek<\/li>\n \t<li>vill\u00e1mh\u00e1r\u00edt\u00f3<\/li>\n \t<li>1x dupla \u00fcvegez\u00e9s\u0171 ajt\u00f3 + kilincs + szerelv\u00e9ny + ac\u00e9l k\u00fcsz\u00f6b<\/li>\n \t<li>2x dupla \u00fcvegez\u00e9s\u0171 ablak (teljes nyit\u00e1s \u00e9s szell\u0151ztet\u00e9s)<\/li>\n<\/ul>\n<img decoding=\"async\" loading=\"lazy\" class=\"alignnone size-full wp-image-11882\" src=\"https:\/\/fahazak.lemonfa.hu\/wp-content\/uploads\/2023\/03\/tech-info-28-40.jpg\" alt=\"\" width=\"800\" height=\"600\">\n\n<img decoding=\"async\" loading=\"lazy\" class=\"alignnone size-full wp-image-12001\" src=\"https:\/\/fahazak.lemonfa.hu\/wp-content\/uploads\/2023\/03\/dvojsklo-40mm-chatky-1.jpg\" alt=\"\" width=\"800\" height=\"600\">\n\t\t\t\t\t<\/div>\n\t\t\t\t<\/div>\n\t\t\t\t<\/div>\n\t\t\t\t\t<\/div>\n\t\t<\/div>\n\t\t\t\t\t\t\t<\/div>\n\t\t<\/section>\n\t\t\t\t\t\t\t<\/div>","protected":false},"excerpt":{"rendered":"<ul>\n<li>\n<h6>K\u00fcls\u0151 m\u00e9retek: 500 x 500 cm<\/h6>\n<\/li>\n<li>\n<h6>Falvastags\u00e1g: 40 mm<\/h6>\n<\/li>\n<li>\n<h6>Be\u00e9p\u00edtett ter\u00fclet: 23m\u00b2<\/h6>\n<\/li>\n<\/ul>","protected":false},"featured_media":9479,"comment_status":"open","ping_status":"closed","template":"","meta":[],"product_cat":[656,128,121],"product_tag":[],"_links":{"self":[{"href":"https:\/\/fahazak.lemonfa.hu\/hu\/wp-json\/wp\/v2\/product\/9356"}],"collection":[{"href":"https:\/\/fahazak.lemonfa.hu\/hu\/wp-json\/wp\/v2\/product"}],"about":[{"href":"https:\/\/fahazak.lemonfa.hu\/hu\/wp-json\/wp\/v2\/types\/product"}],"replies":[{"embeddable":true,"href":"https:\/\/fahazak.lemonfa.hu\/hu\/wp-json\/wp\/v2\/comments?post=9356"}],"version-history":[{"count":6,"href":"https:\/\/fahazak.lemonfa.hu\/hu\/wp-json\/wp\/v2\/product\/9356\/revisions"}],"predecessor-version":[{"id":13086,"href":"https:\/\/fahazak.lemonfa.hu\/hu\/wp-json\/wp\/v2\/product\/9356\/revisions\/13086"}],"wp:featuredmedia":[{"embeddable":true,"href":"https:\/\/fahazak.lemonfa.hu\/hu\/wp-json\/wp\/v2\/media\/9479"}],"wp:attachment":[{"href":"https:\/\/fahazak.lemonfa.hu\/hu\/wp-json\/wp\/v2\/media?parent=9356"}],"wp:term":[{"taxonomy":"product_cat","embeddable":true,"href":"https:\/\/fahazak.lemonfa.hu\/hu\/wp-json\/wp\/v2\/product_cat?post=9356"},{"taxonomy":"product_tag","embeddable":true,"href":"https:\/\/fahazak.lemonfa.hu\/hu\/wp-json\/wp\/v2\/product_tag?post=9356"}],"curies":[{"name":"wp","href":"https:\/\/api.w.org\/{rel}","templated":true}]}}