{"id":9364,"date":"2023-05-04T20:06:17","date_gmt":"2023-05-04T18:06:17","guid":{"rendered":"https:\/\/fahazak.lemonfa.hu\/?post_type=product&#038;p=9364"},"modified":"2025-02-06T14:23:02","modified_gmt":"2025-02-06T13:23:02","slug":"fahaz-ivan-500x500cm","status":"publish","type":"product","link":"https:\/\/fahazak.lemonfa.hu\/hu\/kerti-fahazak\/hazak-terasz-nelkul\/fahaz-ivan-500x500cm\/","title":{"rendered":"Fah\u00e1z Ivan  500x500cm"},"content":{"rendered":"<div data-elementor-type=\"wp-post\" data-elementor-id=\"9364\" class=\"elementor elementor-9364\">\n\t\t\t\t\t\t\t\t\t<section class=\"wd-negative-gap elementor-section elementor-top-section elementor-element elementor-element-3f65920 elementor-section-boxed elementor-section-height-default elementor-section-height-default wd-section-disabled\" data-id=\"3f65920\" data-element_type=\"section\">\n\t\t\t\t\t\t<div class=\"elementor-container elementor-column-gap-default\">\n\t\t\t\t\t<div class=\"elementor-column elementor-col-100 elementor-top-column elementor-element elementor-element-6db0d99\" data-id=\"6db0d99\" data-element_type=\"column\">\n\t\t\t<div class=\"elementor-widget-wrap elementor-element-populated\">\n\t\t\t\t\t\t\t\t<div class=\"elementor-element elementor-element-54792bf elementor-widget elementor-widget-wd_text_block\" data-id=\"54792bf\" data-element_type=\"widget\" data-widget_type=\"wd_text_block.default\">\n\t\t\t\t<div class=\"elementor-widget-container\">\n\t\t\t\t\t<div class=\"wd-text-block reset-last-child text-left\">\n\t\t\t\n\t\t\t<p><strong>A nyaral\u00f3 \u00e1ra tartalmazza:\u00a0<\/strong><\/p><ul><li>oldalfalak (45mm)<\/li><li>tet\u0151 perfor\u00e1ci\u00f3ja<\/li><li>tet\u0151szerkezet<\/li><li>padl\u00f3 - csemp\u00e9zett padl\u00f3<\/li><li>impregn\u00e1lt aljzatpr\u00edzisek<\/li><li>1x ajt\u00f3 (159x202cm) + kilincs + szerelv\u00e9nyek<\/li><li>2x ablak (150x105cm), az egyik fix, a m\u00e1sik nyithat\u00f3.\u00a0<\/li><li>18 l v\u00e9d\u0151bevonat a h\u00e1zik\u00f3 sz\u00e1m\u00e1ra<\/li><\/ul>\n\t\t\t\t\t<\/div>\n\t\t\t\t<\/div>\n\t\t\t\t<\/div>\n\t\t\t\t\t<\/div>\n\t\t<\/div>\n\t\t\t\t\t\t\t<\/div>\n\t\t<\/section>\n\t\t\t\t\t\t\t<\/div>","protected":false},"excerpt":{"rendered":"<ul>\n<li>K\u00fcls\u0151 m\u00e9ret:<strong>\u00a0500 x 500cm<\/strong><\/li>\n<li>Falvastags\u00e1g:\u00a0<strong>45mm<\/strong><\/li>\n<li>Be\u00e9p\u00edtett ter\u00fclet:\u00a0<strong>23m\u00b2<\/strong><\/li>\n<li>El\u00e9rhet\u0151s\u00e9g:\u00a0<strong>K\u00e9szleten<\/strong>\u00a0(Azonnal el\u00e9rhet\u0151)<\/li>\n<li><em>A fest\u00e9ket ingyen adjuk.<\/em>\n<div id=\"read2133839675\" class=\"read_div\"><strong>Cottage Ivan 500x500cm<\/strong>, amely egy mesebeli h\u00e1zik\u00f3ra eml\u00e9keztet. Sokoldal\u00faan felhaszn\u00e1lhat\u00f3 kerti irodak\u00e9nt, nyaral\u00f3k\u00e9nt a kertben, vagy\u00a0<strong>ny\u00e1ri konyha<\/strong>\u00a0a kis h\u00e1zad mellett. A padl\u00f3 a k\u00f6vetkez\u0151 anyagb\u00f3l k\u00e9sz\u00fclt\u00a0<strong><a href=\"https:\/\/www.tatranskyprofil.sk\/drevena-podlaha\/\" target=\"_blank\" rel=\"noopener\">min\u0151s\u00e9gi burkol\u00f3k\u00f6vek<\/a><\/strong>. A h\u00e1zik\u00f3 fala vastag\u00a0<strong>4.5cm<\/strong>. Az \u00e1r tartalmazza: 1x ajt\u00f3 (159x202cm), 2x nyithat\u00f3 ablak (150 x105 cm), melyb\u0151l az egyik nyithat\u00f3, a m\u00e1sik fix. A nyaral\u00f3hoz k\u00edn\u00e1ljuk a red\u0151ny\u00f6k megv\u00e1s\u00e1rl\u00e1s\u00e1nak lehet\u0151s\u00e9g\u00e9t.<\/div>\n<\/li>\n<\/ul>","protected":false},"featured_media":9506,"comment_status":"open","ping_status":"closed","template":"","meta":[],"product_cat":[656,128,121],"product_tag":[],"_links":{"self":[{"href":"https:\/\/fahazak.lemonfa.hu\/hu\/wp-json\/wp\/v2\/product\/9364"}],"collection":[{"href":"https:\/\/fahazak.lemonfa.hu\/hu\/wp-json\/wp\/v2\/product"}],"about":[{"href":"https:\/\/fahazak.lemonfa.hu\/hu\/wp-json\/wp\/v2\/types\/product"}],"replies":[{"embeddable":true,"href":"https:\/\/fahazak.lemonfa.hu\/hu\/wp-json\/wp\/v2\/comments?post=9364"}],"version-history":[{"count":6,"href":"https:\/\/fahazak.lemonfa.hu\/hu\/wp-json\/wp\/v2\/product\/9364\/revisions"}],"predecessor-version":[{"id":13083,"href":"https:\/\/fahazak.lemonfa.hu\/hu\/wp-json\/wp\/v2\/product\/9364\/revisions\/13083"}],"wp:featuredmedia":[{"embeddable":true,"href":"https:\/\/fahazak.lemonfa.hu\/hu\/wp-json\/wp\/v2\/media\/9506"}],"wp:attachment":[{"href":"https:\/\/fahazak.lemonfa.hu\/hu\/wp-json\/wp\/v2\/media?parent=9364"}],"wp:term":[{"taxonomy":"product_cat","embeddable":true,"href":"https:\/\/fahazak.lemonfa.hu\/hu\/wp-json\/wp\/v2\/product_cat?post=9364"},{"taxonomy":"product_tag","embeddable":true,"href":"https:\/\/fahazak.lemonfa.hu\/hu\/wp-json\/wp\/v2\/product_tag?post=9364"}],"curies":[{"name":"wp","href":"https:\/\/api.w.org\/{rel}","templated":true}]}}