{"id":9366,"date":"2023-05-04T20:07:11","date_gmt":"2023-05-04T18:07:11","guid":{"rendered":"https:\/\/fahazak.lemonfa.hu\/?post_type=product&#038;p=9366"},"modified":"2025-02-06T14:22:34","modified_gmt":"2025-02-06T13:22:34","slug":"fahaz-ivan-2-600x600cm","status":"publish","type":"product","link":"https:\/\/fahazak.lemonfa.hu\/hu\/kerti-fahazak\/hazak-terasz-nelkul\/fahaz-ivan-2-600x600cm\/","title":{"rendered":"Fah\u00e1z Ivan 2 &#8211; 600x600cm"},"content":{"rendered":"<div data-elementor-type=\"wp-post\" data-elementor-id=\"9366\" class=\"elementor elementor-9366\">\n\t\t\t\t\t\t\t\t\t<section class=\"wd-negative-gap elementor-section elementor-top-section elementor-element elementor-element-3f65920 elementor-section-boxed elementor-section-height-default elementor-section-height-default wd-section-disabled\" data-id=\"3f65920\" data-element_type=\"section\">\n\t\t\t\t\t\t<div class=\"elementor-container elementor-column-gap-default\">\n\t\t\t\t\t<div class=\"elementor-column elementor-col-100 elementor-top-column elementor-element elementor-element-6db0d99\" data-id=\"6db0d99\" data-element_type=\"column\">\n\t\t\t<div class=\"elementor-widget-wrap elementor-element-populated\">\n\t\t\t\t\t\t\t\t<div class=\"elementor-element elementor-element-54792bf elementor-widget elementor-widget-wd_text_block\" data-id=\"54792bf\" data-element_type=\"widget\" data-widget_type=\"wd_text_block.default\">\n\t\t\t\t<div class=\"elementor-widget-container\">\n\t\t\t\t\t<div class=\"wd-text-block reset-last-child text-left\">\n\t\t\t\n\t\t\t<p><strong>A nyaral\u00f3 \u00e1ra tartalmazza:<\/strong><\/p><ul><li>oldalfalak (45mm)<\/li><li>tet\u0151 perfor\u00e1ci\u00f3ja<\/li><li>tet\u0151szerkezet<\/li><li>padl\u00f3 - csemp\u00e9zett padl\u00f3<\/li><li>impregn\u00e1lt aljzatpr\u00edzisek<\/li><li>1x ajt\u00f3 (159x202cm) + kilincs + szerelv\u00e9nyek<\/li><li>2x ablak (150x105cm), az egyik fix, a m\u00e1sik nyithat\u00f3.<\/li><li>18 l v\u00e9d\u0151bevonat a h\u00e1zik\u00f3 sz\u00e1m\u00e1ra<\/li><\/ul>\n\t\t\t\t\t<\/div>\n\t\t\t\t<\/div>\n\t\t\t\t<\/div>\n\t\t\t\t\t<\/div>\n\t\t<\/div>\n\t\t\t\t\t\t\t<\/div>\n\t\t<\/section>\n\t\t\t\t\t\t\t<\/div>","protected":false},"excerpt":{"rendered":"<ul>\n<li>K\u00fcls\u0151 m\u00e9retek:<strong> 600 x 600 cm<\/strong><\/li>\n<li>Falvastags\u00e1g: <strong>45mm<\/strong><\/li>\n<li>Be\u00e9p\u00edtett ter\u00fclet: <strong>33,6m\u00b2<\/strong><\/li>\n<li><em>A fest\u00e9ket ingyen adjuk.<br \/>\n<\/em>Ahogy a neve is sugallja, <strong><a href=\"https:\/\/fahazak.lemonfa.hu\/hu\/zahradne-chatky\/\">kerti h\u00e1zik\u00f3<\/a> Ivan 2 (600x600cm)<\/strong> a kisebbik testv\u00e9r\u00fcnk nagy testv\u00e9re <a href=\"https:\/\/fahazak.lemonfa.hu\/hu\/zahradne-chatky\/chatka-ivan\/\"><strong>nyaral\u00f3k Ivan<\/strong><\/a>. Sokoldal\u00faan haszn\u00e1lhat\u00f3 kerti irodak\u00e9nt, <strong>nyaral\u00f3h\u00e1z<\/strong> csal\u00e1di vagy ny\u00e1ri tart\u00f3zkod\u00e1sra a kertben. A padl\u00f3 kiv\u00e1l\u00f3 min\u0151s\u00e9g\u0171 <strong><a href=\"https:\/\/www.tatranskyprofil.sk\/drevena-podlaha\/\">burkolat<\/a><\/strong>. A h\u00e1zik\u00f3 fala <strong>4,5cm vastag<\/strong>. Az \u00e1r tartalmazza: 1x ajt\u00f3 (159x202cm), 2x nyithat\u00f3 ablak (15 x105 cm). A nyaral\u00f3hoz red\u0151ny\u00f6k v\u00e1s\u00e1rl\u00e1s\u00e1ra is lehet\u0151s\u00e9get biztos\u00edtunk.<\/li>\n<\/ul>","protected":false},"featured_media":9509,"comment_status":"open","ping_status":"closed","template":"","meta":[],"product_cat":[656,128,121],"product_tag":[],"_links":{"self":[{"href":"https:\/\/fahazak.lemonfa.hu\/hu\/wp-json\/wp\/v2\/product\/9366"}],"collection":[{"href":"https:\/\/fahazak.lemonfa.hu\/hu\/wp-json\/wp\/v2\/product"}],"about":[{"href":"https:\/\/fahazak.lemonfa.hu\/hu\/wp-json\/wp\/v2\/types\/product"}],"replies":[{"embeddable":true,"href":"https:\/\/fahazak.lemonfa.hu\/hu\/wp-json\/wp\/v2\/comments?post=9366"}],"version-history":[{"count":6,"href":"https:\/\/fahazak.lemonfa.hu\/hu\/wp-json\/wp\/v2\/product\/9366\/revisions"}],"predecessor-version":[{"id":13082,"href":"https:\/\/fahazak.lemonfa.hu\/hu\/wp-json\/wp\/v2\/product\/9366\/revisions\/13082"}],"wp:featuredmedia":[{"embeddable":true,"href":"https:\/\/fahazak.lemonfa.hu\/hu\/wp-json\/wp\/v2\/media\/9509"}],"wp:attachment":[{"href":"https:\/\/fahazak.lemonfa.hu\/hu\/wp-json\/wp\/v2\/media?parent=9366"}],"wp:term":[{"taxonomy":"product_cat","embeddable":true,"href":"https:\/\/fahazak.lemonfa.hu\/hu\/wp-json\/wp\/v2\/product_cat?post=9366"},{"taxonomy":"product_tag","embeddable":true,"href":"https:\/\/fahazak.lemonfa.hu\/hu\/wp-json\/wp\/v2\/product_tag?post=9366"}],"curies":[{"name":"wp","href":"https:\/\/api.w.org\/{rel}","templated":true}]}}