{"id":9665,"date":"2023-05-08T18:42:13","date_gmt":"2023-05-08T16:42:13","guid":{"rendered":"https:\/\/fahazak.lemonfa.hu\/?post_type=product&#038;p=9665"},"modified":"2025-02-07T14:45:22","modified_gmt":"2025-02-07T13:45:22","slug":"kerti-butor-szett-m2-2-asztal-160cm","status":"publish","type":"product","link":"https:\/\/fahazak.lemonfa.hu\/hu\/tartozekok\/fa-kerti-butor\/kerti-butor-szett-m2-2-asztal-160cm\/","title":{"rendered":"Kerti b\u00fator szett M2-2 (asztal 160cm)"},"content":{"rendered":"<div data-elementor-type=\"wp-post\" data-elementor-id=\"9665\" class=\"elementor elementor-9665\">\n\t\t\t\t\t\t\t\t\t<section class=\"wd-negative-gap elementor-section elementor-top-section elementor-element elementor-element-3f65920 elementor-section-boxed elementor-section-height-default elementor-section-height-default wd-section-disabled\" data-id=\"3f65920\" data-element_type=\"section\">\n\t\t\t\t\t\t<div class=\"elementor-container elementor-column-gap-default\">\n\t\t\t\t\t<div class=\"elementor-column elementor-col-100 elementor-top-column elementor-element elementor-element-6db0d99\" data-id=\"6db0d99\" data-element_type=\"column\">\n\t\t\t<div class=\"elementor-widget-wrap elementor-element-populated\">\n\t\t\t\t\t\t\t\t<div class=\"elementor-element elementor-element-54792bf elementor-widget elementor-widget-wd_text_block\" data-id=\"54792bf\" data-element_type=\"widget\" data-widget_type=\"wd_text_block.default\">\n\t\t\t\t<div class=\"elementor-widget-container\">\n\t\t\t\t\t<div class=\"wd-text-block reset-last-child text-left\">\n\t\t\t\n\t\t\t<p>\u00a02x impregn\u00e1lt v\u00e9d\u0151bevonat, kerti asztal, 2x pad \u00e9s 2x sz\u00e9k.<\/p>\n\t\t\t\t\t<\/div>\n\t\t\t\t<\/div>\n\t\t\t\t<\/div>\n\t\t\t\t\t<\/div>\n\t\t<\/div>\n\t\t\t\t\t\t\t<\/div>\n\t\t<\/section>\n\t\t\t\t\t\t\t<\/div>","protected":false},"excerpt":{"rendered":"<p>a kerti b\u00fatorokat k\u00e9tszer impregn\u00e1ljuk faanyagv\u00e9d\u0151 szerrel, amelynek \u00e1rnyalat\u00e1t a mintak\u00f6nyv\u00fcnkb\u0151l v\u00e1laszthatja ki (l\u00e1sd lent).<\/p>","protected":false},"featured_media":9666,"comment_status":"open","ping_status":"closed","template":"","meta":[],"product_cat":[130],"product_tag":[409],"_links":{"self":[{"href":"https:\/\/fahazak.lemonfa.hu\/hu\/wp-json\/wp\/v2\/product\/9665"}],"collection":[{"href":"https:\/\/fahazak.lemonfa.hu\/hu\/wp-json\/wp\/v2\/product"}],"about":[{"href":"https:\/\/fahazak.lemonfa.hu\/hu\/wp-json\/wp\/v2\/types\/product"}],"replies":[{"embeddable":true,"href":"https:\/\/fahazak.lemonfa.hu\/hu\/wp-json\/wp\/v2\/comments?post=9665"}],"version-history":[{"count":6,"href":"https:\/\/fahazak.lemonfa.hu\/hu\/wp-json\/wp\/v2\/product\/9665\/revisions"}],"predecessor-version":[{"id":13305,"href":"https:\/\/fahazak.lemonfa.hu\/hu\/wp-json\/wp\/v2\/product\/9665\/revisions\/13305"}],"wp:featuredmedia":[{"embeddable":true,"href":"https:\/\/fahazak.lemonfa.hu\/hu\/wp-json\/wp\/v2\/media\/9666"}],"wp:attachment":[{"href":"https:\/\/fahazak.lemonfa.hu\/hu\/wp-json\/wp\/v2\/media?parent=9665"}],"wp:term":[{"taxonomy":"product_cat","embeddable":true,"href":"https:\/\/fahazak.lemonfa.hu\/hu\/wp-json\/wp\/v2\/product_cat?post=9665"},{"taxonomy":"product_tag","embeddable":true,"href":"https:\/\/fahazak.lemonfa.hu\/hu\/wp-json\/wp\/v2\/product_tag?post=9665"}],"curies":[{"name":"wp","href":"https:\/\/api.w.org\/{rel}","templated":true}]}}